{"id":2785,"date":"2025-05-16T17:28:39","date_gmt":"2025-05-16T15:28:39","guid":{"rendered":"https:\/\/naosu.cyteq.cloud\/?post_type=product&#038;p=2785"},"modified":"2025-08-20T10:29:07","modified_gmt":"2025-08-20T08:29:07","slug":"blackroll-recovery-pillow-ergonomic-neck-pillow-for-restful-sleep","status":"publish","type":"product","link":"https:\/\/www.naosu.de\/en\/product\/blackroll-recovery-pillow-ergonomic-neck-pillow-for-restful-sleep\/","title":{"rendered":"BLACKROLL\u00ae RECOVERY PILLOW"},"content":{"rendered":"<h3 data-start=\"807\" data-end=\"836\">BLACKROLL Recovery Pillow<\/h3>\n<p data-start=\"838\" data-end=\"1106\">The <strong data-start=\"842\" data-end=\"871\">BLACKROLL Recovery Pillow<\/strong> is an ergonomic neck pillow that adapts perfectly to the natural sleeping position. It supports the cervical spine in all sleeping positions - whether on the back, side or stomach - and thus contributes to restful sleep.<\/p>\n<h4 data-start=\"1108\" data-end=\"1151\">Advantages of the BLACKROLL Recovery Pillow<\/h4>\n<ul data-start=\"1153\" data-end=\"1539\">\n<li data-start=\"1153\" data-end=\"1240\">\n<p data-start=\"1155\" data-end=\"1240\"><strong data-start=\"1155\" data-end=\"1179\">Ergonomic design<\/strong>Supports the natural alignment of the cervical spine.<\/p>\n<\/li>\n<li data-start=\"1241\" data-end=\"1330\">\n<p data-start=\"1243\" data-end=\"1330\"><strong data-start=\"1243\" data-end=\"1277\">Viscoelastic memory foam<\/strong>Adapts individually to the shape of the head and neck.<\/p>\n<\/li>\n<li data-start=\"1331\" data-end=\"1396\">\n<p data-start=\"1333\" data-end=\"1396\"><strong data-start=\"1333\" data-end=\"1357\">Breathable cover<\/strong>Ensures a pleasant sleeping climate.<\/p>\n<\/li>\n<li data-start=\"1397\" data-end=\"1470\">\n<p data-start=\"1399\" data-end=\"1470\"><strong data-start=\"1399\" data-end=\"1417\">Compact size<\/strong>Ideal for traveling, can be easily rolled up.<\/p>\n<\/li>\n<li data-start=\"1471\" data-end=\"1539\">\n<p data-start=\"1473\" data-end=\"1539\"><strong data-start=\"1473\" data-end=\"1492\">Made in Germany<\/strong>Manufactured to the highest quality standards.<\/p>\n<\/li>\n<\/ul>\n<h4 data-start=\"1541\" data-end=\"1564\">Areas of application<\/h4>\n<ul data-start=\"1566\" data-end=\"1803\">\n<li data-start=\"1566\" data-end=\"1635\">\n<p data-start=\"1568\" data-end=\"1635\"><strong data-start=\"1568\" data-end=\"1580\">At home<\/strong>For a restful sleep without neck tension.<\/p>\n<\/li>\n<li data-start=\"1636\" data-end=\"1708\">\n<p data-start=\"1638\" data-end=\"1708\"><strong data-start=\"1638\" data-end=\"1651\">On the road<\/strong>Ideal for overnight stays in hotels, air travel or camping.<\/p>\n<\/li>\n<li data-start=\"1709\" data-end=\"1803\">\n<p data-start=\"1711\" data-end=\"1803\"><strong data-start=\"1711\" data-end=\"1740\">For all sleeping positions<\/strong>: Adapts flexibly to back, side and stomach sleepers.<\/p>\n<\/li>\n<\/ul>\n<h4 data-start=\"1805\" data-end=\"1828\">Technical details<\/h4>\n<ul data-start=\"1830\" data-end=\"2156\">\n<li data-start=\"1830\" data-end=\"1878\">\n<p data-start=\"1832\" data-end=\"1878\"><strong data-start=\"1832\" data-end=\"1844\">Material<\/strong>70 % polyurethane, 30 % castor oil<\/p>\n<\/li>\n<li data-start=\"1879\" data-end=\"1920\">\n<p data-start=\"1881\" data-end=\"1920\"><strong data-start=\"1881\" data-end=\"1890\">Reference<\/strong>60 % polyester, 40 % viscose<\/p>\n<\/li>\n<li data-start=\"1921\" data-end=\"1949\">\n<p data-start=\"1923\" data-end=\"1949\"><strong data-start=\"1923\" data-end=\"1932\">Size<\/strong>49 \u00d7 28 \u00d7 11 cm<\/p>\n<\/li>\n<li data-start=\"1950\" data-end=\"2017\">\n<p data-start=\"1952\" data-end=\"2017\"><strong data-start=\"1952\" data-end=\"1963\">Weight<\/strong>: 805 g (cushion), 95 g (cover), 65 g (carrying bag)<\/p>\n<\/li>\n<li data-start=\"2018\" data-end=\"2087\">\n<p data-start=\"2020\" data-end=\"2087\"><strong data-start=\"2020\" data-end=\"2038\">Care instructions<\/strong>Cover washable up to 40 \u00b0C, cushion not washable<\/p>\n<\/li>\n<li data-start=\"2088\" data-end=\"2156\">\n<p data-start=\"2090\" data-end=\"2156\"><strong data-start=\"2090\" data-end=\"2106\">Scope of delivery<\/strong>1x BLACKROLL Recovery Pillow, 1x carrying bag<\/p>\n<\/li>\n<\/ul>\n<h4 data-start=\"2158\" data-end=\"2178\">Order now<\/h4>\n<p data-start=\"2180\" data-end=\"2364\">Order the <strong data-start=\"2193\" data-end=\"2222\">BLACKROLL Recovery Pillow<\/strong> comfortable in <a class=\"\" href=\"https:\/\/www.naosu.de\/en\/product\/blackroll-recovery-pillow\/\" target=\"_new\" rel=\"noopener\" data-start=\"2233\" data-end=\"2308\">Naosu online store<\/a> and enjoy restful sleep - at home and on the go.<\/p>","protected":false},"excerpt":{"rendered":"<p>The BLACKROLL\u00ae RECOVERY PILLOW is the perfect pillow for anyone who doesn't want to miss out on healthy sleep when they're on the move. Thanks to its ergonomic design, it supports a natural head and neck position - whether you are lying on your back, side or stomach. The viscoelastic foam adapts perfectly and ensures relaxed nights. Lightweight, compact and with a practical carrying bag - ideal for at home and when traveling.<\/p>\n<p>&nbsp;<\/p>","protected":false},"featured_media":2786,"comment_status":"open","ping_status":"closed","template":"","meta":[],"product_brand":[],"product_cat":[39],"product_tag":[],"class_list":{"0":"post-2785","1":"product","2":"type-product","3":"status-publish","4":"has-post-thumbnail","6":"product_cat-sonstiges","8":"first","9":"instock","10":"taxable","11":"shipping-taxable","12":"purchasable","13":"product-type-simple"},"yoast_head":"<!-- This site is optimized with the Yoast SEO plugin v27.5 - https:\/\/yoast.com\/product\/yoast-seo-wordpress\/ -->\n<title>BLACKROLL\u00ae RECOVERY PILLOW - naosu.de \u2013 Medizinprodukte &amp; Hilfsmittel online kaufen | Schnell &amp; zuverl\u00e4ssig<\/title>\n<meta name=\"description\" content=\"Das BLACKROLL Recovery Pillow bietet ergonomischen Komfort f\u00fcr Nacken und Kopf. Ideal f\u00fcr zu Hause und unterwegs. Jetzt bei Naosu online kaufen!\" \/>\n<meta name=\"robots\" content=\"index, follow, max-snippet:-1, max-image-preview:large, max-video-preview:-1\" \/>\n<link rel=\"canonical\" href=\"https:\/\/www.naosu.de\/en\/product\/blackroll-recovery-pillow-ergonomic-neck-pillow-for-restful-sleep\/\" \/>\n<meta property=\"og:locale\" content=\"en_US\" \/>\n<meta property=\"og:type\" content=\"article\" \/>\n<meta property=\"og:title\" content=\"BLACKROLL\u00ae RECOVERY PILLOW - naosu.de \u2013 Medizinprodukte &amp; Hilfsmittel online kaufen | Schnell &amp; zuverl\u00e4ssig\" \/>\n<meta property=\"og:description\" content=\"Das BLACKROLL Recovery Pillow bietet ergonomischen Komfort f\u00fcr Nacken und Kopf. Ideal f\u00fcr zu Hause und unterwegs. Jetzt bei Naosu online kaufen!\" \/>\n<meta property=\"og:url\" content=\"https:\/\/www.naosu.de\/en\/product\/blackroll-recovery-pillow-ergonomic-neck-pillow-for-restful-sleep\/\" \/>\n<meta property=\"og:site_name\" content=\"naosu.de \u2013 Medizinprodukte &amp; Hilfsmittel online kaufen | Schnell &amp; zuverl\u00e4ssig\" \/>\n<meta property=\"article:modified_time\" content=\"2025-08-20T08:29:07+00:00\" \/>\n<meta property=\"og:image\" content=\"https:\/\/www.naosu.de\/wp-content\/uploads\/2025\/05\/Produktbilder-naosu-7.png\" \/>\n\t<meta property=\"og:image:width\" content=\"1280\" \/>\n\t<meta property=\"og:image:height\" content=\"1588\" \/>\n\t<meta property=\"og:image:type\" content=\"image\/png\" \/>\n<meta name=\"twitter:card\" content=\"summary_large_image\" \/>\n<meta name=\"twitter:label1\" content=\"Est. reading time\" \/>\n\t<meta name=\"twitter:data1\" content=\"2 minutes\" \/>\n<script type=\"application\/ld+json\" class=\"yoast-schema-graph\">{\"@context\":\"https:\\\/\\\/schema.org\",\"@graph\":[{\"@type\":\"WebPage\",\"@id\":\"https:\\\/\\\/www.naosu.de\\\/produkt\\\/blackroll-recovery-pillow-ergonomisches-nackenkissen-fuer-erholsamen-schlaf\\\/\",\"url\":\"https:\\\/\\\/www.naosu.de\\\/produkt\\\/blackroll-recovery-pillow-ergonomisches-nackenkissen-fuer-erholsamen-schlaf\\\/\",\"name\":\"BLACKROLL\u00ae RECOVERY PILLOW - naosu.de \u2013 Medizinprodukte &amp; Hilfsmittel online kaufen | Schnell &amp; zuverl\u00e4ssig\",\"isPartOf\":{\"@id\":\"https:\\\/\\\/www.naosu.de\\\/#website\"},\"primaryImageOfPage\":{\"@id\":\"https:\\\/\\\/www.naosu.de\\\/produkt\\\/blackroll-recovery-pillow-ergonomisches-nackenkissen-fuer-erholsamen-schlaf\\\/#primaryimage\"},\"image\":{\"@id\":\"https:\\\/\\\/www.naosu.de\\\/produkt\\\/blackroll-recovery-pillow-ergonomisches-nackenkissen-fuer-erholsamen-schlaf\\\/#primaryimage\"},\"thumbnailUrl\":\"https:\\\/\\\/www.naosu.de\\\/wp-content\\\/uploads\\\/2025\\\/05\\\/Produktbilder-naosu-7.png\",\"datePublished\":\"2025-05-16T15:28:39+00:00\",\"dateModified\":\"2025-08-20T08:29:07+00:00\",\"description\":\"Das BLACKROLL Recovery Pillow bietet ergonomischen Komfort f\u00fcr Nacken und Kopf. Ideal f\u00fcr zu Hause und unterwegs. Jetzt bei Naosu online kaufen!\",\"breadcrumb\":{\"@id\":\"https:\\\/\\\/www.naosu.de\\\/produkt\\\/blackroll-recovery-pillow-ergonomisches-nackenkissen-fuer-erholsamen-schlaf\\\/#breadcrumb\"},\"inLanguage\":\"en-US\",\"potentialAction\":[{\"@type\":\"ReadAction\",\"target\":[\"https:\\\/\\\/www.naosu.de\\\/produkt\\\/blackroll-recovery-pillow-ergonomisches-nackenkissen-fuer-erholsamen-schlaf\\\/\"]}]},{\"@type\":\"ImageObject\",\"inLanguage\":\"en-US\",\"@id\":\"https:\\\/\\\/www.naosu.de\\\/produkt\\\/blackroll-recovery-pillow-ergonomisches-nackenkissen-fuer-erholsamen-schlaf\\\/#primaryimage\",\"url\":\"https:\\\/\\\/www.naosu.de\\\/wp-content\\\/uploads\\\/2025\\\/05\\\/Produktbilder-naosu-7.png\",\"contentUrl\":\"https:\\\/\\\/www.naosu.de\\\/wp-content\\\/uploads\\\/2025\\\/05\\\/Produktbilder-naosu-7.png\",\"width\":1280,\"height\":1588},{\"@type\":\"BreadcrumbList\",\"@id\":\"https:\\\/\\\/www.naosu.de\\\/produkt\\\/blackroll-recovery-pillow-ergonomisches-nackenkissen-fuer-erholsamen-schlaf\\\/#breadcrumb\",\"itemListElement\":[{\"@type\":\"ListItem\",\"position\":1,\"name\":\"Startseite\",\"item\":\"https:\\\/\\\/www.naosu.de\\\/\"},{\"@type\":\"ListItem\",\"position\":2,\"name\":\"Shop\",\"item\":\"https:\\\/\\\/www.naosu.de\\\/shop\\\/\"},{\"@type\":\"ListItem\",\"position\":3,\"name\":\"BLACKROLL\u00ae RECOVERY PILLOW\"}]},{\"@type\":\"WebSite\",\"@id\":\"https:\\\/\\\/www.naosu.de\\\/#website\",\"url\":\"https:\\\/\\\/www.naosu.de\\\/\",\"name\":\"naosu.de \u2013 Medizinprodukte &amp; Hilfsmittel online kaufen | Schnell &amp; zuverl\u00e4ssig\",\"description\":\"\",\"potentialAction\":[{\"@type\":\"SearchAction\",\"target\":{\"@type\":\"EntryPoint\",\"urlTemplate\":\"https:\\\/\\\/www.naosu.de\\\/?s={search_term_string}\"},\"query-input\":{\"@type\":\"PropertyValueSpecification\",\"valueRequired\":true,\"valueName\":\"search_term_string\"}}],\"inLanguage\":\"en-US\"}]}<\/script>\n<!-- \/ Yoast SEO plugin. -->","yoast_head_json":{"title":"BLACKROLL\u00ae RECOVERY PILLOW - naosu.de - Buy medical products &amp; medical aids online | Fast &amp; reliable","description":"The BLACKROLL Recovery Pillow offers ergonomic comfort for the neck and head. Ideal for at home and on the go. Buy online at Naosu now!","robots":{"index":"index","follow":"follow","max-snippet":"max-snippet:-1","max-image-preview":"max-image-preview:large","max-video-preview":"max-video-preview:-1"},"canonical":"https:\/\/www.naosu.de\/en\/product\/blackroll-recovery-pillow-ergonomic-neck-pillow-for-restful-sleep\/","og_locale":"en_US","og_type":"article","og_title":"BLACKROLL\u00ae RECOVERY PILLOW - naosu.de \u2013 Medizinprodukte &amp; Hilfsmittel online kaufen | Schnell &amp; zuverl\u00e4ssig","og_description":"Das BLACKROLL Recovery Pillow bietet ergonomischen Komfort f\u00fcr Nacken und Kopf. Ideal f\u00fcr zu Hause und unterwegs. Jetzt bei Naosu online kaufen!","og_url":"https:\/\/www.naosu.de\/en\/product\/blackroll-recovery-pillow-ergonomic-neck-pillow-for-restful-sleep\/","og_site_name":"naosu.de \u2013 Medizinprodukte &amp; Hilfsmittel online kaufen | Schnell &amp; zuverl\u00e4ssig","article_modified_time":"2025-08-20T08:29:07+00:00","og_image":[{"width":1280,"height":1588,"url":"https:\/\/www.naosu.de\/wp-content\/uploads\/2025\/05\/Produktbilder-naosu-7.png","type":"image\/png"}],"twitter_card":"summary_large_image","twitter_misc":{"Est. reading time":"2 minutes"},"schema":{"@context":"https:\/\/schema.org","@graph":[{"@type":"WebPage","@id":"https:\/\/www.naosu.de\/produkt\/blackroll-recovery-pillow-ergonomisches-nackenkissen-fuer-erholsamen-schlaf\/","url":"https:\/\/www.naosu.de\/produkt\/blackroll-recovery-pillow-ergonomisches-nackenkissen-fuer-erholsamen-schlaf\/","name":"BLACKROLL\u00ae RECOVERY PILLOW - naosu.de - Buy medical products &amp; medical aids online | Fast &amp; reliable","isPartOf":{"@id":"https:\/\/www.naosu.de\/#website"},"primaryImageOfPage":{"@id":"https:\/\/www.naosu.de\/produkt\/blackroll-recovery-pillow-ergonomisches-nackenkissen-fuer-erholsamen-schlaf\/#primaryimage"},"image":{"@id":"https:\/\/www.naosu.de\/produkt\/blackroll-recovery-pillow-ergonomisches-nackenkissen-fuer-erholsamen-schlaf\/#primaryimage"},"thumbnailUrl":"https:\/\/www.naosu.de\/wp-content\/uploads\/2025\/05\/Produktbilder-naosu-7.png","datePublished":"2025-05-16T15:28:39+00:00","dateModified":"2025-08-20T08:29:07+00:00","description":"The BLACKROLL Recovery Pillow offers ergonomic comfort for the neck and head. Ideal for at home and on the go. Buy online at Naosu now!","breadcrumb":{"@id":"https:\/\/www.naosu.de\/produkt\/blackroll-recovery-pillow-ergonomisches-nackenkissen-fuer-erholsamen-schlaf\/#breadcrumb"},"inLanguage":"en-US","potentialAction":[{"@type":"ReadAction","target":["https:\/\/www.naosu.de\/produkt\/blackroll-recovery-pillow-ergonomisches-nackenkissen-fuer-erholsamen-schlaf\/"]}]},{"@type":"ImageObject","inLanguage":"en-US","@id":"https:\/\/www.naosu.de\/produkt\/blackroll-recovery-pillow-ergonomisches-nackenkissen-fuer-erholsamen-schlaf\/#primaryimage","url":"https:\/\/www.naosu.de\/wp-content\/uploads\/2025\/05\/Produktbilder-naosu-7.png","contentUrl":"https:\/\/www.naosu.de\/wp-content\/uploads\/2025\/05\/Produktbilder-naosu-7.png","width":1280,"height":1588},{"@type":"BreadcrumbList","@id":"https:\/\/www.naosu.de\/produkt\/blackroll-recovery-pillow-ergonomisches-nackenkissen-fuer-erholsamen-schlaf\/#breadcrumb","itemListElement":[{"@type":"ListItem","position":1,"name":"Startseite","item":"https:\/\/www.naosu.de\/"},{"@type":"ListItem","position":2,"name":"Shop","item":"https:\/\/www.naosu.de\/shop\/"},{"@type":"ListItem","position":3,"name":"BLACKROLL\u00ae RECOVERY PILLOW"}]},{"@type":"WebSite","@id":"https:\/\/www.naosu.de\/#website","url":"https:\/\/www.naosu.de\/","name":"naosu.de - Buy medical products &amp; medical aids online | Fast &amp; reliable","description":"","potentialAction":[{"@type":"SearchAction","target":{"@type":"EntryPoint","urlTemplate":"https:\/\/www.naosu.de\/?s={search_term_string}"},"query-input":{"@type":"PropertyValueSpecification","valueRequired":true,"valueName":"search_term_string"}}],"inLanguage":"en-US"}]}},"_links":{"self":[{"href":"https:\/\/www.naosu.de\/en\/wp-json\/wp\/v2\/product\/2785","targetHints":{"allow":["GET"]}}],"collection":[{"href":"https:\/\/www.naosu.de\/en\/wp-json\/wp\/v2\/product"}],"about":[{"href":"https:\/\/www.naosu.de\/en\/wp-json\/wp\/v2\/types\/product"}],"replies":[{"embeddable":true,"href":"https:\/\/www.naosu.de\/en\/wp-json\/wp\/v2\/comments?post=2785"}],"wp:featuredmedia":[{"embeddable":true,"href":"https:\/\/www.naosu.de\/en\/wp-json\/wp\/v2\/media\/2786"}],"wp:attachment":[{"href":"https:\/\/www.naosu.de\/en\/wp-json\/wp\/v2\/media?parent=2785"}],"wp:term":[{"taxonomy":"product_brand","embeddable":true,"href":"https:\/\/www.naosu.de\/en\/wp-json\/wp\/v2\/product_brand?post=2785"},{"taxonomy":"product_cat","embeddable":true,"href":"https:\/\/www.naosu.de\/en\/wp-json\/wp\/v2\/product_cat?post=2785"},{"taxonomy":"product_tag","embeddable":true,"href":"https:\/\/www.naosu.de\/en\/wp-json\/wp\/v2\/product_tag?post=2785"}],"curies":[{"name":"wp","href":"https:\/\/api.w.org\/{rel}","templated":true}]}}