{"id":2779,"date":"2025-05-16T17:11:06","date_gmt":"2025-05-16T15:11:06","guid":{"rendered":"https:\/\/naosu.cyteq.cloud\/?post_type=product&#038;p=2779"},"modified":"2026-04-30T16:06:04","modified_gmt":"2026-04-30T14:06:04","slug":"thuasne-malleo-dynastab-boa-ankle-brace-stability-comfort-for-your-ankle-joint","status":"publish","type":"product","link":"https:\/\/www.naosu.de\/en\/product\/thuasne-malleo-dynastab-boa-ankle-brace-stability-comfort-for-your-ankle-joint\/","title":{"rendered":"Thuasne Malleo Dynastab Boa"},"content":{"rendered":"<h1 data-start=\"932\" data-end=\"981\">Thuasne Malleo Dynastab BOA ankle brace<\/h1>\n<p data-start=\"983\" data-end=\"1287\">The <strong data-start=\"249\" data-end=\"292\">Malleo Dynastab BOA ankle orthosis<\/strong> from Thuasne offers effective support and high wearing comfort.<br \/>\nIt stabilizes the ankle joint in the event of injuries or instability and is ideal for everyday life and sport.<\/p>\n<h2 data-start=\"1289\" data-end=\"1352\">Advantages of the Thuasne Malleo Dynastab BOA ankle brace<\/h2>\n<ul data-start=\"1354\" data-end=\"1822\">\n<li data-start=\"1354\" data-end=\"1458\">\n<p data-start=\"1356\" data-end=\"1458\"><strong data-start=\"1356\" data-end=\"1379\">Maximum stability<\/strong> with stainless steel side reinforcements and elastic cross straps<\/p>\n<\/li>\n<li data-start=\"1459\" data-end=\"1557\">\n<p data-start=\"1461\" data-end=\"1557\"><strong data-start=\"1461\" data-end=\"1484\">Easy handling<\/strong> thanks to the BOA\u00ae fastening system - put on and take off with just one hand<\/p>\n<\/li>\n<li data-start=\"1558\" data-end=\"1669\">\n<p data-start=\"1560\" data-end=\"1669\"><strong data-start=\"1560\" data-end=\"1582\">High wearing comfort<\/strong> thanks to breathable 3D spacer fabric and extra padding in the area of the back of the foot<\/p>\n<\/li>\n<li data-start=\"1670\" data-end=\"1742\">\n<p data-start=\"1672\" data-end=\"1742\"><strong data-start=\"1672\" data-end=\"1688\">Flexibility<\/strong> - can be worn on the left or right<\/p>\n<\/li>\n<li data-start=\"1743\" data-end=\"1822\">\n<p data-start=\"1745\" data-end=\"1822\"><strong data-start=\"1745\" data-end=\"1769\">Unobtrusive design<\/strong> - Fits in almost any ready-to-wear or sports shoe<\/p>\n<\/li>\n<\/ul>\n<h2 data-start=\"1824\" data-end=\"1845\">Areas of application<\/h2>\n<p data-start=\"1847\" data-end=\"1886\">The orthosis is particularly suitable for<\/p>\n<ul data-start=\"1888\" data-end=\"2172\">\n<li data-start=\"1888\" data-end=\"1958\">\n<p data-start=\"1890\" data-end=\"1958\"><strong data-start=\"1890\" data-end=\"1931\">Grade I &amp; II ankle sprains<\/strong> (stretching\/straining of ligaments)<\/p>\n<\/li>\n<li data-start=\"1959\" data-end=\"2011\">\n<p data-start=\"1961\" data-end=\"2011\"><strong data-start=\"1961\" data-end=\"2009\">Conservative therapy after ligament injuries<\/strong><\/p>\n<\/li>\n<li data-start=\"2012\" data-end=\"2067\">\n<p data-start=\"2014\" data-end=\"2067\"><strong data-start=\"2014\" data-end=\"2065\">Postoperative phases after ligament reconstruction<\/strong><\/p>\n<\/li>\n<li data-start=\"2068\" data-end=\"2114\">\n<p data-start=\"2070\" data-end=\"2114\"><strong data-start=\"2070\" data-end=\"2086\">Hyperlaxity<\/strong> (overmoving belts)<\/p>\n<\/li>\n<li data-start=\"2115\" data-end=\"2172\">\n<p data-start=\"2117\" data-end=\"2172\"><strong data-start=\"2117\" data-end=\"2172\">For the safe resumption of sporting activities<\/strong><\/p>\n<\/li>\n<\/ul>\n<h2 data-start=\"2174\" data-end=\"2195\">Technical details<\/h2>\n<ul data-start=\"2197\" data-end=\"2565\">\n<li data-start=\"2197\" data-end=\"2331\">\n<p data-start=\"2199\" data-end=\"2229\"><strong data-start=\"2199\" data-end=\"2226\">Material composition<\/strong>:<\/p>\n<ul data-start=\"2232\" data-end=\"2331\">\n<li data-start=\"2232\" data-end=\"2293\">\n<p data-start=\"2234\" data-end=\"2293\">Textile components: Polyamide, polyester, neoprene, spandex<\/p>\n<\/li>\n<li data-start=\"2296\" data-end=\"2331\">\n<p data-start=\"2298\" data-end=\"2331\">Reinforcing elements: Stainless steel<\/p>\n<\/li>\n<\/ul>\n<\/li>\n<li data-start=\"2332\" data-end=\"2425\">\n<p data-start=\"2334\" data-end=\"2347\"><strong data-start=\"2334\" data-end=\"2344\">Sizes<\/strong>:<\/p>\n<ul data-start=\"2350\" data-end=\"2425\">\n<li data-start=\"2350\" data-end=\"2373\">\n<p data-start=\"2352\" data-end=\"2373\">Size 1: 19 - 22 cm<\/p>\n<\/li>\n<li data-start=\"2376\" data-end=\"2399\">\n<p data-start=\"2378\" data-end=\"2399\">Size 2: 22 - 26 cm<\/p>\n<\/li>\n<li data-start=\"2402\" data-end=\"2425\">\n<p data-start=\"2404\" data-end=\"2425\">Size 3: 26 - 30 cm<\/p>\n<\/li>\n<\/ul>\n<\/li>\n<li data-start=\"2426\" data-end=\"2454\">\n<p data-start=\"2428\" data-end=\"2454\"><strong data-start=\"2428\" data-end=\"2437\">Color<\/strong>: Gray\/light blue<\/p>\n<\/li>\n<li data-start=\"2455\" data-end=\"2565\">\n<p data-start=\"2457\" data-end=\"2565\"><strong data-start=\"2457\" data-end=\"2475\">Care instructions<\/strong>Hand wash at max. 40 \u00b0C, air dry, do not wring or tumble dry<\/p>\n<\/li>\n<\/ul>\n<h2 data-start=\"2567\" data-end=\"2585\">Order now<\/h2>\n<p data-start=\"2587\" data-end=\"2835\">Order the <strong data-start=\"2600\" data-end=\"2651\">Thuasne Malleo Dynastab BOA ankle brace<\/strong> comfortable in <a class=\"\" href=\"https:\/\/www.naosu.de\/en\/product\/thuasne-malleo-dynastab-boa-knoechelbandage-fuer-stabilitaet\/\" target=\"_new\" rel=\"noopener\" data-start=\"2662\" data-end=\"2772\">Naosu online store<\/a> and support your ankle during sporting activities.<\/p>","protected":false},"excerpt":{"rendered":"<p class=\"\" data-start=\"152\" data-en=\"\">Maximum stability with full comfort: the Malleo Dynastab Boa from Thuasne offers your ankle reliable support - ideal for injuries, after operations or when returning to sport. Lateral reinforcement elements, an individually adjustable cross strap and the innovative Boa\u00ae fastening system ensure a secure fit and easy donning with just one hand. Thanks to its slim design, the orthosis fits easily into almost any shoe - for stability in everyday life and during sport.<\/p>","protected":false},"featured_media":2783,"comment_status":"open","ping_status":"closed","template":"","meta":[],"product_brand":[],"product_cat":[33],"product_tag":[],"class_list":{"0":"post-2779","1":"product","2":"type-product","3":"status-publish","4":"has-post-thumbnail","6":"product_cat-fuss","8":"first","9":"instock","10":"taxable","11":"shipping-taxable","12":"purchasable","13":"product-type-variable"},"yoast_head":"<!-- This site is optimized with the Yoast SEO plugin v27.5 - https:\/\/yoast.com\/product\/yoast-seo-wordpress\/ -->\n<title>Thuasne Malleo Dynastab Boa - naosu.de \u2013 Medizinprodukte &amp; Hilfsmittel online kaufen | Schnell &amp; zuverl\u00e4ssig<\/title>\n<meta name=\"description\" content=\"Zuverl\u00e4ssige Stabilit\u00e4t und Komfort mit der Thuasne Malleo Dynastab BOA Sprunggelenkorthese \u2013 ideal f\u00fcr Sportverletzungen. Jetzt bei Naosu kaufen!\" \/>\n<meta name=\"robots\" content=\"index, follow, max-snippet:-1, max-image-preview:large, max-video-preview:-1\" \/>\n<link rel=\"canonical\" href=\"https:\/\/www.naosu.de\/en\/product\/thuasne-malleo-dynastab-boa-ankle-brace-stability-comfort-for-your-ankle-joint\/\" \/>\n<meta property=\"og:locale\" content=\"en_US\" \/>\n<meta property=\"og:type\" content=\"article\" \/>\n<meta property=\"og:title\" content=\"Thuasne Malleo Dynastab Boa - naosu.de \u2013 Medizinprodukte &amp; Hilfsmittel online kaufen | Schnell &amp; zuverl\u00e4ssig\" \/>\n<meta property=\"og:description\" content=\"Zuverl\u00e4ssige Stabilit\u00e4t und Komfort mit der Thuasne Malleo Dynastab BOA Sprunggelenkorthese \u2013 ideal f\u00fcr Sportverletzungen. Jetzt bei Naosu kaufen!\" \/>\n<meta property=\"og:url\" content=\"https:\/\/www.naosu.de\/en\/product\/thuasne-malleo-dynastab-boa-ankle-brace-stability-comfort-for-your-ankle-joint\/\" \/>\n<meta property=\"og:site_name\" content=\"naosu.de \u2013 Medizinprodukte &amp; Hilfsmittel online kaufen | Schnell &amp; zuverl\u00e4ssig\" \/>\n<meta property=\"article:modified_time\" content=\"2026-04-30T14:06:04+00:00\" \/>\n<meta property=\"og:image\" content=\"https:\/\/www.naosu.de\/wp-content\/uploads\/2025\/05\/Produktbilder-naosu-6.png\" \/>\n\t<meta property=\"og:image:width\" content=\"1280\" \/>\n\t<meta property=\"og:image:height\" content=\"1588\" \/>\n\t<meta property=\"og:image:type\" content=\"image\/png\" \/>\n<meta name=\"twitter:card\" content=\"summary_large_image\" \/>\n<meta name=\"twitter:label1\" content=\"Est. reading time\" \/>\n\t<meta name=\"twitter:data1\" content=\"2 minutes\" \/>\n<script type=\"application\/ld+json\" class=\"yoast-schema-graph\">{\"@context\":\"https:\\\/\\\/schema.org\",\"@graph\":[{\"@type\":\"WebPage\",\"@id\":\"https:\\\/\\\/www.naosu.de\\\/produkt\\\/thuasne-malleo-dynastab-boa-sprunggelenkorthese-stabilitaet-komfort-fuer-dein-sprunggelenk\\\/\",\"url\":\"https:\\\/\\\/www.naosu.de\\\/produkt\\\/thuasne-malleo-dynastab-boa-sprunggelenkorthese-stabilitaet-komfort-fuer-dein-sprunggelenk\\\/\",\"name\":\"Thuasne Malleo Dynastab Boa - naosu.de \u2013 Medizinprodukte &amp; Hilfsmittel online kaufen | Schnell &amp; zuverl\u00e4ssig\",\"isPartOf\":{\"@id\":\"https:\\\/\\\/www.naosu.de\\\/#website\"},\"primaryImageOfPage\":{\"@id\":\"https:\\\/\\\/www.naosu.de\\\/produkt\\\/thuasne-malleo-dynastab-boa-sprunggelenkorthese-stabilitaet-komfort-fuer-dein-sprunggelenk\\\/#primaryimage\"},\"image\":{\"@id\":\"https:\\\/\\\/www.naosu.de\\\/produkt\\\/thuasne-malleo-dynastab-boa-sprunggelenkorthese-stabilitaet-komfort-fuer-dein-sprunggelenk\\\/#primaryimage\"},\"thumbnailUrl\":\"https:\\\/\\\/www.naosu.de\\\/wp-content\\\/uploads\\\/2025\\\/05\\\/Produktbilder-naosu-6.png\",\"datePublished\":\"2025-05-16T15:11:06+00:00\",\"dateModified\":\"2026-04-30T14:06:04+00:00\",\"description\":\"Zuverl\u00e4ssige Stabilit\u00e4t und Komfort mit der Thuasne Malleo Dynastab BOA Sprunggelenkorthese \u2013 ideal f\u00fcr Sportverletzungen. Jetzt bei Naosu kaufen!\",\"breadcrumb\":{\"@id\":\"https:\\\/\\\/www.naosu.de\\\/produkt\\\/thuasne-malleo-dynastab-boa-sprunggelenkorthese-stabilitaet-komfort-fuer-dein-sprunggelenk\\\/#breadcrumb\"},\"inLanguage\":\"en-US\",\"potentialAction\":[{\"@type\":\"ReadAction\",\"target\":[\"https:\\\/\\\/www.naosu.de\\\/produkt\\\/thuasne-malleo-dynastab-boa-sprunggelenkorthese-stabilitaet-komfort-fuer-dein-sprunggelenk\\\/\"]}]},{\"@type\":\"ImageObject\",\"inLanguage\":\"en-US\",\"@id\":\"https:\\\/\\\/www.naosu.de\\\/produkt\\\/thuasne-malleo-dynastab-boa-sprunggelenkorthese-stabilitaet-komfort-fuer-dein-sprunggelenk\\\/#primaryimage\",\"url\":\"https:\\\/\\\/www.naosu.de\\\/wp-content\\\/uploads\\\/2025\\\/05\\\/Produktbilder-naosu-6.png\",\"contentUrl\":\"https:\\\/\\\/www.naosu.de\\\/wp-content\\\/uploads\\\/2025\\\/05\\\/Produktbilder-naosu-6.png\",\"width\":1280,\"height\":1588},{\"@type\":\"BreadcrumbList\",\"@id\":\"https:\\\/\\\/www.naosu.de\\\/produkt\\\/thuasne-malleo-dynastab-boa-sprunggelenkorthese-stabilitaet-komfort-fuer-dein-sprunggelenk\\\/#breadcrumb\",\"itemListElement\":[{\"@type\":\"ListItem\",\"position\":1,\"name\":\"Startseite\",\"item\":\"https:\\\/\\\/www.naosu.de\\\/\"},{\"@type\":\"ListItem\",\"position\":2,\"name\":\"Shop\",\"item\":\"https:\\\/\\\/www.naosu.de\\\/shop\\\/\"},{\"@type\":\"ListItem\",\"position\":3,\"name\":\"Thuasne Malleo Dynastab Boa\"}]},{\"@type\":\"WebSite\",\"@id\":\"https:\\\/\\\/www.naosu.de\\\/#website\",\"url\":\"https:\\\/\\\/www.naosu.de\\\/\",\"name\":\"naosu.de \u2013 Medizinprodukte &amp; Hilfsmittel online kaufen | Schnell &amp; zuverl\u00e4ssig\",\"description\":\"\",\"potentialAction\":[{\"@type\":\"SearchAction\",\"target\":{\"@type\":\"EntryPoint\",\"urlTemplate\":\"https:\\\/\\\/www.naosu.de\\\/?s={search_term_string}\"},\"query-input\":{\"@type\":\"PropertyValueSpecification\",\"valueRequired\":true,\"valueName\":\"search_term_string\"}}],\"inLanguage\":\"en-US\"}]}<\/script>\n<!-- \/ Yoast SEO plugin. -->","yoast_head_json":{"title":"Thuasne Malleo Dynastab Boa - naosu.de - Buy medical products &amp; medical aids online | Fast &amp; reliable","description":"Reliable stability and comfort with the Thuasne Malleo Dynastab BOA ankle brace - ideal for sports injuries. Buy now at Naosu!","robots":{"index":"index","follow":"follow","max-snippet":"max-snippet:-1","max-image-preview":"max-image-preview:large","max-video-preview":"max-video-preview:-1"},"canonical":"https:\/\/www.naosu.de\/en\/product\/thuasne-malleo-dynastab-boa-ankle-brace-stability-comfort-for-your-ankle-joint\/","og_locale":"en_US","og_type":"article","og_title":"Thuasne Malleo Dynastab Boa - naosu.de \u2013 Medizinprodukte &amp; Hilfsmittel online kaufen | Schnell &amp; zuverl\u00e4ssig","og_description":"Zuverl\u00e4ssige Stabilit\u00e4t und Komfort mit der Thuasne Malleo Dynastab BOA Sprunggelenkorthese \u2013 ideal f\u00fcr Sportverletzungen. Jetzt bei Naosu kaufen!","og_url":"https:\/\/www.naosu.de\/en\/product\/thuasne-malleo-dynastab-boa-ankle-brace-stability-comfort-for-your-ankle-joint\/","og_site_name":"naosu.de \u2013 Medizinprodukte &amp; Hilfsmittel online kaufen | Schnell &amp; zuverl\u00e4ssig","article_modified_time":"2026-04-30T14:06:04+00:00","og_image":[{"width":1280,"height":1588,"url":"https:\/\/www.naosu.de\/wp-content\/uploads\/2025\/05\/Produktbilder-naosu-6.png","type":"image\/png"}],"twitter_card":"summary_large_image","twitter_misc":{"Est. reading time":"2 minutes"},"schema":{"@context":"https:\/\/schema.org","@graph":[{"@type":"WebPage","@id":"https:\/\/www.naosu.de\/produkt\/thuasne-malleo-dynastab-boa-sprunggelenkorthese-stabilitaet-komfort-fuer-dein-sprunggelenk\/","url":"https:\/\/www.naosu.de\/produkt\/thuasne-malleo-dynastab-boa-sprunggelenkorthese-stabilitaet-komfort-fuer-dein-sprunggelenk\/","name":"Thuasne Malleo Dynastab Boa - naosu.de - Buy medical products &amp; medical aids online | Fast &amp; reliable","isPartOf":{"@id":"https:\/\/www.naosu.de\/#website"},"primaryImageOfPage":{"@id":"https:\/\/www.naosu.de\/produkt\/thuasne-malleo-dynastab-boa-sprunggelenkorthese-stabilitaet-komfort-fuer-dein-sprunggelenk\/#primaryimage"},"image":{"@id":"https:\/\/www.naosu.de\/produkt\/thuasne-malleo-dynastab-boa-sprunggelenkorthese-stabilitaet-komfort-fuer-dein-sprunggelenk\/#primaryimage"},"thumbnailUrl":"https:\/\/www.naosu.de\/wp-content\/uploads\/2025\/05\/Produktbilder-naosu-6.png","datePublished":"2025-05-16T15:11:06+00:00","dateModified":"2026-04-30T14:06:04+00:00","description":"Reliable stability and comfort with the Thuasne Malleo Dynastab BOA ankle brace - ideal for sports injuries. Buy now at Naosu!","breadcrumb":{"@id":"https:\/\/www.naosu.de\/produkt\/thuasne-malleo-dynastab-boa-sprunggelenkorthese-stabilitaet-komfort-fuer-dein-sprunggelenk\/#breadcrumb"},"inLanguage":"en-US","potentialAction":[{"@type":"ReadAction","target":["https:\/\/www.naosu.de\/produkt\/thuasne-malleo-dynastab-boa-sprunggelenkorthese-stabilitaet-komfort-fuer-dein-sprunggelenk\/"]}]},{"@type":"ImageObject","inLanguage":"en-US","@id":"https:\/\/www.naosu.de\/produkt\/thuasne-malleo-dynastab-boa-sprunggelenkorthese-stabilitaet-komfort-fuer-dein-sprunggelenk\/#primaryimage","url":"https:\/\/www.naosu.de\/wp-content\/uploads\/2025\/05\/Produktbilder-naosu-6.png","contentUrl":"https:\/\/www.naosu.de\/wp-content\/uploads\/2025\/05\/Produktbilder-naosu-6.png","width":1280,"height":1588},{"@type":"BreadcrumbList","@id":"https:\/\/www.naosu.de\/produkt\/thuasne-malleo-dynastab-boa-sprunggelenkorthese-stabilitaet-komfort-fuer-dein-sprunggelenk\/#breadcrumb","itemListElement":[{"@type":"ListItem","position":1,"name":"Startseite","item":"https:\/\/www.naosu.de\/"},{"@type":"ListItem","position":2,"name":"Shop","item":"https:\/\/www.naosu.de\/shop\/"},{"@type":"ListItem","position":3,"name":"Thuasne Malleo Dynastab Boa"}]},{"@type":"WebSite","@id":"https:\/\/www.naosu.de\/#website","url":"https:\/\/www.naosu.de\/","name":"naosu.de - Buy medical products &amp; medical aids online | Fast &amp; reliable","description":"","potentialAction":[{"@type":"SearchAction","target":{"@type":"EntryPoint","urlTemplate":"https:\/\/www.naosu.de\/?s={search_term_string}"},"query-input":{"@type":"PropertyValueSpecification","valueRequired":true,"valueName":"search_term_string"}}],"inLanguage":"en-US"}]}},"_links":{"self":[{"href":"https:\/\/www.naosu.de\/en\/wp-json\/wp\/v2\/product\/2779","targetHints":{"allow":["GET"]}}],"collection":[{"href":"https:\/\/www.naosu.de\/en\/wp-json\/wp\/v2\/product"}],"about":[{"href":"https:\/\/www.naosu.de\/en\/wp-json\/wp\/v2\/types\/product"}],"replies":[{"embeddable":true,"href":"https:\/\/www.naosu.de\/en\/wp-json\/wp\/v2\/comments?post=2779"}],"wp:featuredmedia":[{"embeddable":true,"href":"https:\/\/www.naosu.de\/en\/wp-json\/wp\/v2\/media\/2783"}],"wp:attachment":[{"href":"https:\/\/www.naosu.de\/en\/wp-json\/wp\/v2\/media?parent=2779"}],"wp:term":[{"taxonomy":"product_brand","embeddable":true,"href":"https:\/\/www.naosu.de\/en\/wp-json\/wp\/v2\/product_brand?post=2779"},{"taxonomy":"product_cat","embeddable":true,"href":"https:\/\/www.naosu.de\/en\/wp-json\/wp\/v2\/product_cat?post=2779"},{"taxonomy":"product_tag","embeddable":true,"href":"https:\/\/www.naosu.de\/en\/wp-json\/wp\/v2\/product_tag?post=2779"}],"curies":[{"name":"wp","href":"https:\/\/api.w.org\/{rel}","templated":true}]}}