{"id":2759,"date":"2025-05-16T15:37:52","date_gmt":"2025-05-16T13:37:52","guid":{"rendered":"https:\/\/naosu.cyteq.cloud\/?post_type=product&#038;p=2759"},"modified":"2026-01-13T10:12:35","modified_gmt":"2026-01-13T09:12:35","slug":"push-sports-wrist-support-stability-for-everyday-sports","status":"publish","type":"product","link":"https:\/\/www.naosu.de\/en\/product\/push-sports-wrist-support-stability-for-everyday-sports\/","title":{"rendered":"Push Sports wrist support"},"content":{"rendered":"<h1 data-start=\"960\" data-end=\"990\">Push Sports wrist support<\/h1>\n<p data-start=\"992\" data-end=\"1269\">The <strong data-start=\"996\" data-end=\"1028\">Push Sports wrist support<\/strong> effectively stabilizes your wrist in the event of pain, instability or after overuse, without restricting your freedom of movement. Ideal for athletes and active people who want to remain active even if they have pain.<\/p>\n<h2 data-start=\"1271\" data-end=\"1315\">Advantages of the Push Sports wrist support<\/h2>\n<p data-start=\"1317\" data-end=\"1588\">\u2705 <strong data-start=\"1319\" data-end=\"1359\">Individually adjustable compression<\/strong><br data-start=\"1359\" data-end=\"1362\" \/>\u2705 <strong data-start=\"1364\" data-end=\"1414\">Flat, lightweight design for maximum comfort<\/strong><br data-start=\"1414\" data-end=\"1417\" \/>\u2705 <strong data-start=\"1419\" data-end=\"1468\">Breathable material for comfortable wear<\/strong><br data-start=\"1468\" data-end=\"1471\" \/>\u2705 <strong data-start=\"1473\" data-end=\"1530\">Enables functional movements during sport &amp; work<\/strong><br data-start=\"1530\" data-end=\"1533\" \/>\u2705 <strong data-start=\"1535\" data-end=\"1588\">Quick to put on thanks to simple Velcro fastener<\/strong><\/p>\n<h2 data-start=\"1590\" data-end=\"1611\">Areas of application<\/h2>\n<p data-start=\"1613\" data-end=\"1669\">The <strong data-start=\"1617\" data-end=\"1649\">Push Sports wrist support<\/strong> is recommended for<\/p>\n<ul data-start=\"1670\" data-end=\"1830\">\n<li data-start=\"1670\" data-end=\"1709\">\n<p data-start=\"1672\" data-end=\"1709\">Overload complaints in the wrist<\/p>\n<\/li>\n<li data-start=\"1710\" data-end=\"1738\">\n<p data-start=\"1712\" data-end=\"1738\">Tendonitis<\/p>\n<\/li>\n<li data-start=\"1739\" data-end=\"1771\">\n<p data-start=\"1741\" data-end=\"1771\">Instability after injuries<\/p>\n<\/li>\n<li data-start=\"1772\" data-end=\"1830\">\n<p data-start=\"1774\" data-end=\"1830\">Preventive during sport (e.g. volleyball, tennis, fitness)<\/p>\n<\/li>\n<\/ul>\n<p data-start=\"1832\" data-end=\"1945\">Its stabilization protects your wrist while you can continue to train and work actively.<\/p>\n<hr class=\"\" data-start=\"2102\" data-end=\"2105\" \/>\n<h3 class=\"\" data-start=\"2107\" data-end=\"2132\"><strong data-start=\"2114\" data-end=\"2132\">Care instructions<\/strong><\/h3>\n<ul data-start=\"2133\" data-end=\"2415\">\n<li class=\"\" data-start=\"2133\" data-end=\"2168\">\n<p class=\"\" data-start=\"2135\" data-end=\"2168\">Wash before first use<\/p>\n<\/li>\n<li class=\"\" data-start=\"2169\" data-end=\"2216\">\n<p class=\"\" data-start=\"2171\" data-end=\"2216\">At max. 30 \u00b0C in a laundry net, no tumble dryer<\/p>\n<\/li>\n<li class=\"\" data-start=\"2217\" data-end=\"2263\">\n<p class=\"\" data-start=\"2219\" data-end=\"2263\">Close the Velcro fasteners before washing<\/p>\n<\/li>\n<li class=\"\" data-start=\"2264\" data-end=\"2339\">\n<p class=\"\" data-start=\"2266\" data-end=\"2339\">Allow to air dry, do not iron or expose to direct sunlight<\/p>\n<\/li>\n<li class=\"\" data-start=\"2340\" data-end=\"2415\">\n<p class=\"\" data-start=\"2342\" data-end=\"2415\">Do not use bleach, fabric softener or ointments in the contact area<\/p>\n<\/li>\n<\/ul>\n<hr class=\"\" data-start=\"2417\" data-end=\"2420\" \/>\n<h3 class=\"\" data-start=\"2422\" data-end=\"2456\"><strong data-start=\"2429\" data-end=\"2456\">Material composition<\/strong><\/h3>\n<ul data-start=\"2457\" data-end=\"2555\">\n<li class=\"\" data-start=\"2457\" data-end=\"2474\">\n<p class=\"\" data-start=\"2459\" data-end=\"2474\">44 % Polyamide<\/p>\n<\/li>\n<li class=\"\" data-start=\"2475\" data-end=\"2493\">\n<p class=\"\" data-start=\"2477\" data-end=\"2493\">31 % Polyester<\/p>\n<\/li>\n<li class=\"\" data-start=\"2494\" data-end=\"2510\">\n<p class=\"\" data-start=\"2496\" data-end=\"2510\">6 % Spandex<\/p>\n<\/li>\n<li class=\"\" data-start=\"2511\" data-end=\"2539\">\n<p class=\"\" data-start=\"2513\" data-end=\"2539\">3 % other materials<\/p>\n<\/li>\n<li class=\"\" data-start=\"2540\" data-end=\"2555\">\n<p class=\"\" data-start=\"2542\" data-end=\"2555\"><strong data-start=\"2542\" data-end=\"2555\">Latex-free<\/strong><\/p>\n<\/li>\n<\/ul>\n<hr class=\"\" data-start=\"2557\" data-end=\"2560\" \/>\n<h3 class=\"\" data-start=\"2562\" data-end=\"2587\"><strong data-start=\"2569\" data-end=\"2587\">Product details<\/strong><\/h3>\n<ul data-start=\"2588\" data-end=\"2817\">\n<li class=\"\" data-start=\"2588\" data-end=\"2659\">\n<p class=\"\" data-start=\"2590\" data-end=\"2659\"><strong data-start=\"2590\" data-end=\"2600\">Size:<\/strong> Universal size (one size), suitable for left and right<\/p>\n<\/li>\n<li class=\"\" data-start=\"2660\" data-end=\"2686\">\n<p class=\"\" data-start=\"2662\" data-end=\"2686\"><strong data-start=\"2662\" data-end=\"2672\">Color:<\/strong> Gray\/petrol<\/p>\n<\/li>\n<li class=\"\" data-start=\"2687\" data-end=\"2739\">\n<p class=\"\" data-start=\"2689\" data-end=\"2739\"><strong data-start=\"2689\" data-end=\"2706\">Scope of delivery:<\/strong> 1x wrist support, instructions<\/p>\n<\/li>\n<li class=\"\" data-start=\"2740\" data-end=\"2817\">\n<p class=\"\" data-start=\"2742\" data-end=\"2817\"><strong data-start=\"2742\" data-end=\"2775\">Certified medical device<\/strong> (please consult a doctor if you have any complaints)<\/p>\n<\/li>\n<\/ul>","protected":false},"excerpt":{"rendered":"<p>The Push Sports wrist support offers targeted compression and a secure feeling of stability for minor complaints, instability or for prevention. Individually adjustable straps and anti-slip applications ensure a secure fit during sport. Easy to put on with one hand thanks to the thumb loop - skin-friendly, breathable and perfect for active people.<\/p>","protected":false},"featured_media":2767,"comment_status":"open","ping_status":"closed","template":"","meta":[],"product_brand":[],"product_cat":[16],"product_tag":[],"class_list":{"0":"post-2759","1":"product","2":"type-product","3":"status-publish","4":"has-post-thumbnail","6":"product_cat-handgelenk","8":"first","9":"outofstock","10":"taxable","11":"shipping-taxable","12":"purchasable","13":"product-type-variable"},"yoast_head":"<!-- This site is optimized with the Yoast SEO plugin v27.5 - https:\/\/yoast.com\/product\/yoast-seo-wordpress\/ -->\n<title>Push Sports Handgelenkst\u00fctze - naosu.de \u2013 Medizinprodukte &amp; Hilfsmittel online kaufen | Schnell &amp; zuverl\u00e4ssig<\/title>\n<meta name=\"description\" content=\"Push Sports Handgelenkst\u00fctze stabilisiert dein Handgelenk bei Schmerzen oder \u00dcberlastung. Jetzt bei Naosu bestellen und sicher trainieren!\" \/>\n<meta name=\"robots\" content=\"index, follow, max-snippet:-1, max-image-preview:large, max-video-preview:-1\" \/>\n<link rel=\"canonical\" href=\"https:\/\/www.naosu.de\/en\/product\/push-sports-wrist-support-stability-for-everyday-sports\/\" \/>\n<meta property=\"og:locale\" content=\"en_US\" \/>\n<meta property=\"og:type\" content=\"article\" \/>\n<meta property=\"og:title\" content=\"Push Sports Handgelenkst\u00fctze - naosu.de \u2013 Medizinprodukte &amp; Hilfsmittel online kaufen | Schnell &amp; zuverl\u00e4ssig\" \/>\n<meta property=\"og:description\" content=\"Push Sports Handgelenkst\u00fctze stabilisiert dein Handgelenk bei Schmerzen oder \u00dcberlastung. Jetzt bei Naosu bestellen und sicher trainieren!\" \/>\n<meta property=\"og:url\" content=\"https:\/\/www.naosu.de\/en\/product\/push-sports-wrist-support-stability-for-everyday-sports\/\" \/>\n<meta property=\"og:site_name\" content=\"naosu.de \u2013 Medizinprodukte &amp; Hilfsmittel online kaufen | Schnell &amp; zuverl\u00e4ssig\" \/>\n<meta property=\"article:modified_time\" content=\"2026-01-13T09:12:35+00:00\" \/>\n<meta property=\"og:image\" content=\"https:\/\/www.naosu.de\/wp-content\/uploads\/2025\/05\/12.png\" \/>\n\t<meta property=\"og:image:width\" content=\"1280\" \/>\n\t<meta property=\"og:image:height\" content=\"1588\" \/>\n\t<meta property=\"og:image:type\" content=\"image\/png\" \/>\n<meta name=\"twitter:card\" content=\"summary_large_image\" \/>\n<meta name=\"twitter:label1\" content=\"Est. reading time\" \/>\n\t<meta name=\"twitter:data1\" content=\"2 minutes\" \/>\n<script type=\"application\/ld+json\" class=\"yoast-schema-graph\">{\"@context\":\"https:\\\/\\\/schema.org\",\"@graph\":[{\"@type\":\"WebPage\",\"@id\":\"https:\\\/\\\/www.naosu.de\\\/produkt\\\/push-sports-handgelenkstuetze-stabilitaet-beim-sport-alltag\\\/\",\"url\":\"https:\\\/\\\/www.naosu.de\\\/produkt\\\/push-sports-handgelenkstuetze-stabilitaet-beim-sport-alltag\\\/\",\"name\":\"Push Sports Handgelenkst\u00fctze - naosu.de \u2013 Medizinprodukte &amp; Hilfsmittel online kaufen | Schnell &amp; zuverl\u00e4ssig\",\"isPartOf\":{\"@id\":\"https:\\\/\\\/www.naosu.de\\\/#website\"},\"primaryImageOfPage\":{\"@id\":\"https:\\\/\\\/www.naosu.de\\\/produkt\\\/push-sports-handgelenkstuetze-stabilitaet-beim-sport-alltag\\\/#primaryimage\"},\"image\":{\"@id\":\"https:\\\/\\\/www.naosu.de\\\/produkt\\\/push-sports-handgelenkstuetze-stabilitaet-beim-sport-alltag\\\/#primaryimage\"},\"thumbnailUrl\":\"https:\\\/\\\/www.naosu.de\\\/wp-content\\\/uploads\\\/2025\\\/05\\\/12.png\",\"datePublished\":\"2025-05-16T13:37:52+00:00\",\"dateModified\":\"2026-01-13T09:12:35+00:00\",\"description\":\"Push Sports Handgelenkst\u00fctze stabilisiert dein Handgelenk bei Schmerzen oder \u00dcberlastung. Jetzt bei Naosu bestellen und sicher trainieren!\",\"breadcrumb\":{\"@id\":\"https:\\\/\\\/www.naosu.de\\\/produkt\\\/push-sports-handgelenkstuetze-stabilitaet-beim-sport-alltag\\\/#breadcrumb\"},\"inLanguage\":\"en-US\",\"potentialAction\":[{\"@type\":\"ReadAction\",\"target\":[\"https:\\\/\\\/www.naosu.de\\\/produkt\\\/push-sports-handgelenkstuetze-stabilitaet-beim-sport-alltag\\\/\"]}]},{\"@type\":\"ImageObject\",\"inLanguage\":\"en-US\",\"@id\":\"https:\\\/\\\/www.naosu.de\\\/produkt\\\/push-sports-handgelenkstuetze-stabilitaet-beim-sport-alltag\\\/#primaryimage\",\"url\":\"https:\\\/\\\/www.naosu.de\\\/wp-content\\\/uploads\\\/2025\\\/05\\\/12.png\",\"contentUrl\":\"https:\\\/\\\/www.naosu.de\\\/wp-content\\\/uploads\\\/2025\\\/05\\\/12.png\",\"width\":1280,\"height\":1588},{\"@type\":\"BreadcrumbList\",\"@id\":\"https:\\\/\\\/www.naosu.de\\\/produkt\\\/push-sports-handgelenkstuetze-stabilitaet-beim-sport-alltag\\\/#breadcrumb\",\"itemListElement\":[{\"@type\":\"ListItem\",\"position\":1,\"name\":\"Startseite\",\"item\":\"https:\\\/\\\/www.naosu.de\\\/\"},{\"@type\":\"ListItem\",\"position\":2,\"name\":\"Shop\",\"item\":\"https:\\\/\\\/www.naosu.de\\\/shop\\\/\"},{\"@type\":\"ListItem\",\"position\":3,\"name\":\"Push Sports Handgelenkst\u00fctze\"}]},{\"@type\":\"WebSite\",\"@id\":\"https:\\\/\\\/www.naosu.de\\\/#website\",\"url\":\"https:\\\/\\\/www.naosu.de\\\/\",\"name\":\"naosu.de \u2013 Medizinprodukte &amp; Hilfsmittel online kaufen | Schnell &amp; zuverl\u00e4ssig\",\"description\":\"\",\"potentialAction\":[{\"@type\":\"SearchAction\",\"target\":{\"@type\":\"EntryPoint\",\"urlTemplate\":\"https:\\\/\\\/www.naosu.de\\\/?s={search_term_string}\"},\"query-input\":{\"@type\":\"PropertyValueSpecification\",\"valueRequired\":true,\"valueName\":\"search_term_string\"}}],\"inLanguage\":\"en-US\"}]}<\/script>\n<!-- \/ Yoast SEO plugin. -->","yoast_head_json":{"title":"Push Sports wrist support - naosu.de - Buy medical devices &amp; medical aids online | Fast &amp; reliable","description":"Push Sports wrist support stabilizes your wrist in case of pain or overload. Order now from Naosu and train safely!","robots":{"index":"index","follow":"follow","max-snippet":"max-snippet:-1","max-image-preview":"max-image-preview:large","max-video-preview":"max-video-preview:-1"},"canonical":"https:\/\/www.naosu.de\/en\/product\/push-sports-wrist-support-stability-for-everyday-sports\/","og_locale":"en_US","og_type":"article","og_title":"Push Sports Handgelenkst\u00fctze - naosu.de \u2013 Medizinprodukte &amp; Hilfsmittel online kaufen | Schnell &amp; zuverl\u00e4ssig","og_description":"Push Sports Handgelenkst\u00fctze stabilisiert dein Handgelenk bei Schmerzen oder \u00dcberlastung. Jetzt bei Naosu bestellen und sicher trainieren!","og_url":"https:\/\/www.naosu.de\/en\/product\/push-sports-wrist-support-stability-for-everyday-sports\/","og_site_name":"naosu.de \u2013 Medizinprodukte &amp; Hilfsmittel online kaufen | Schnell &amp; zuverl\u00e4ssig","article_modified_time":"2026-01-13T09:12:35+00:00","og_image":[{"width":1280,"height":1588,"url":"https:\/\/www.naosu.de\/wp-content\/uploads\/2025\/05\/12.png","type":"image\/png"}],"twitter_card":"summary_large_image","twitter_misc":{"Est. reading time":"2 minutes"},"schema":{"@context":"https:\/\/schema.org","@graph":[{"@type":"WebPage","@id":"https:\/\/www.naosu.de\/produkt\/push-sports-handgelenkstuetze-stabilitaet-beim-sport-alltag\/","url":"https:\/\/www.naosu.de\/produkt\/push-sports-handgelenkstuetze-stabilitaet-beim-sport-alltag\/","name":"Push Sports wrist support - naosu.de - Buy medical devices &amp; medical aids online | Fast &amp; reliable","isPartOf":{"@id":"https:\/\/www.naosu.de\/#website"},"primaryImageOfPage":{"@id":"https:\/\/www.naosu.de\/produkt\/push-sports-handgelenkstuetze-stabilitaet-beim-sport-alltag\/#primaryimage"},"image":{"@id":"https:\/\/www.naosu.de\/produkt\/push-sports-handgelenkstuetze-stabilitaet-beim-sport-alltag\/#primaryimage"},"thumbnailUrl":"https:\/\/www.naosu.de\/wp-content\/uploads\/2025\/05\/12.png","datePublished":"2025-05-16T13:37:52+00:00","dateModified":"2026-01-13T09:12:35+00:00","description":"Push Sports wrist support stabilizes your wrist in case of pain or overload. Order now from Naosu and train safely!","breadcrumb":{"@id":"https:\/\/www.naosu.de\/produkt\/push-sports-handgelenkstuetze-stabilitaet-beim-sport-alltag\/#breadcrumb"},"inLanguage":"en-US","potentialAction":[{"@type":"ReadAction","target":["https:\/\/www.naosu.de\/produkt\/push-sports-handgelenkstuetze-stabilitaet-beim-sport-alltag\/"]}]},{"@type":"ImageObject","inLanguage":"en-US","@id":"https:\/\/www.naosu.de\/produkt\/push-sports-handgelenkstuetze-stabilitaet-beim-sport-alltag\/#primaryimage","url":"https:\/\/www.naosu.de\/wp-content\/uploads\/2025\/05\/12.png","contentUrl":"https:\/\/www.naosu.de\/wp-content\/uploads\/2025\/05\/12.png","width":1280,"height":1588},{"@type":"BreadcrumbList","@id":"https:\/\/www.naosu.de\/produkt\/push-sports-handgelenkstuetze-stabilitaet-beim-sport-alltag\/#breadcrumb","itemListElement":[{"@type":"ListItem","position":1,"name":"Startseite","item":"https:\/\/www.naosu.de\/"},{"@type":"ListItem","position":2,"name":"Shop","item":"https:\/\/www.naosu.de\/shop\/"},{"@type":"ListItem","position":3,"name":"Push Sports Handgelenkst\u00fctze"}]},{"@type":"WebSite","@id":"https:\/\/www.naosu.de\/#website","url":"https:\/\/www.naosu.de\/","name":"naosu.de - Buy medical products &amp; medical aids online | Fast &amp; reliable","description":"","potentialAction":[{"@type":"SearchAction","target":{"@type":"EntryPoint","urlTemplate":"https:\/\/www.naosu.de\/?s={search_term_string}"},"query-input":{"@type":"PropertyValueSpecification","valueRequired":true,"valueName":"search_term_string"}}],"inLanguage":"en-US"}]}},"_links":{"self":[{"href":"https:\/\/www.naosu.de\/en\/wp-json\/wp\/v2\/product\/2759","targetHints":{"allow":["GET"]}}],"collection":[{"href":"https:\/\/www.naosu.de\/en\/wp-json\/wp\/v2\/product"}],"about":[{"href":"https:\/\/www.naosu.de\/en\/wp-json\/wp\/v2\/types\/product"}],"replies":[{"embeddable":true,"href":"https:\/\/www.naosu.de\/en\/wp-json\/wp\/v2\/comments?post=2759"}],"wp:featuredmedia":[{"embeddable":true,"href":"https:\/\/www.naosu.de\/en\/wp-json\/wp\/v2\/media\/2767"}],"wp:attachment":[{"href":"https:\/\/www.naosu.de\/en\/wp-json\/wp\/v2\/media?parent=2759"}],"wp:term":[{"taxonomy":"product_brand","embeddable":true,"href":"https:\/\/www.naosu.de\/en\/wp-json\/wp\/v2\/product_brand?post=2759"},{"taxonomy":"product_cat","embeddable":true,"href":"https:\/\/www.naosu.de\/en\/wp-json\/wp\/v2\/product_cat?post=2759"},{"taxonomy":"product_tag","embeddable":true,"href":"https:\/\/www.naosu.de\/en\/wp-json\/wp\/v2\/product_tag?post=2759"}],"curies":[{"name":"wp","href":"https:\/\/api.w.org\/{rel}","templated":true}]}}