{"id":2719,"date":"2025-05-16T14:56:43","date_gmt":"2025-05-16T12:56:43","guid":{"rendered":"https:\/\/naosu.cyteq.cloud\/?post_type=product&#038;p=2719"},"modified":"2026-03-14T15:38:18","modified_gmt":"2026-03-14T14:38:18","slug":"push-sports-wrist-bandage-stability-protection-for-your-wrist","status":"publish","type":"product","link":"https:\/\/www.naosu.de\/en\/product\/push-sports-wrist-bandage-stability-protection-for-your-wrist\/","title":{"rendered":"Push Sports wrist support"},"content":{"rendered":"<h1 data-start=\"872\" data-end=\"903\">Push Sports wrist support<\/h1>\n<p data-start=\"905\" data-end=\"1199\">The <strong data-start=\"909\" data-end=\"942\">Push Sports wrist support<\/strong> was specially developed to stabilize and protect the wrist during sporting activities or in everyday life. It helps with overuse pain, tendinitis or slight instability without restricting freedom of movement.<\/p>\n<h2 data-start=\"1201\" data-end=\"1246\">Advantages of the Push Sports wrist support<\/h2>\n<ul data-start=\"1248\" data-end=\"1540\">\n<li data-start=\"1248\" data-end=\"1316\">\n<p data-start=\"1250\" data-end=\"1316\"><strong data-start=\"1250\" data-end=\"1314\">Comfortable fit thanks to elastic, breathable material<\/strong><\/p>\n<\/li>\n<li data-start=\"1317\" data-end=\"1365\">\n<p data-start=\"1319\" data-end=\"1365\"><strong data-start=\"1319\" data-end=\"1363\">Easy handling thanks to Velcro fastener<\/strong><\/p>\n<\/li>\n<li data-start=\"1366\" data-end=\"1427\">\n<p data-start=\"1368\" data-end=\"1427\"><strong data-start=\"1368\" data-end=\"1425\">Individually adjustable compression for optimum support<\/strong><\/p>\n<\/li>\n<li data-start=\"1428\" data-end=\"1505\">\n<p data-start=\"1430\" data-end=\"1505\"><strong data-start=\"1430\" data-end=\"1503\">Flat design - fits well under sports gloves or everyday clothing<\/strong><\/p>\n<\/li>\n<li data-start=\"1506\" data-end=\"1540\">\n<p data-start=\"1508\" data-end=\"1540\"><strong data-start=\"1508\" data-end=\"1540\">Latex-free and skin-friendly<\/strong><\/p>\n<\/li>\n<\/ul>\n<h2 data-start=\"1542\" data-end=\"1563\">Areas of application<\/h2>\n<p data-start=\"1565\" data-end=\"1605\">The support is particularly suitable for<\/p>\n<ul data-start=\"1606\" data-end=\"1818\">\n<li data-start=\"1606\" data-end=\"1649\">\n<p data-start=\"1608\" data-end=\"1649\">Overloading and pain in the wrist<\/p>\n<\/li>\n<li data-start=\"1650\" data-end=\"1691\">\n<p data-start=\"1652\" data-end=\"1691\">Tendinitis (inflammation of the tendon sheath)<\/p>\n<\/li>\n<li data-start=\"1692\" data-end=\"1733\">\n<p data-start=\"1694\" data-end=\"1733\">Slight instability of the wrist<\/p>\n<\/li>\n<li data-start=\"1734\" data-end=\"1818\">\n<p data-start=\"1736\" data-end=\"1818\">Support during sporting activities (e.g. volleyball, tennis, fitness)<\/p>\n<\/li>\n<\/ul>\n<hr class=\"\" data-start=\"2073\" data-end=\"2076\" \/>\n<h3 class=\"\" data-start=\"2078\" data-end=\"2103\"><strong data-start=\"2085\" data-end=\"2103\">Care instructions<\/strong><\/h3>\n<ul data-start=\"2104\" data-end=\"2299\">\n<li class=\"\" data-start=\"2104\" data-end=\"2140\">\n<p class=\"\" data-start=\"2106\" data-end=\"2140\">Washable at 30 \u00b0C in a laundry net<\/p>\n<\/li>\n<li class=\"\" data-start=\"2141\" data-end=\"2198\">\n<p class=\"\" data-start=\"2143\" data-end=\"2198\">No tumble drying, no ironing, no dry cleaning<\/p>\n<\/li>\n<li class=\"\" data-start=\"2199\" data-end=\"2245\">\n<p class=\"\" data-start=\"2201\" data-end=\"2245\">Close the Velcro fasteners before washing<\/p>\n<\/li>\n<li class=\"\" data-start=\"2246\" data-end=\"2277\">\n<p class=\"\" data-start=\"2248\" data-end=\"2277\">Allow to air dry<\/p>\n<\/li>\n<li class=\"\" data-start=\"2278\" data-end=\"2299\">\n<p class=\"\" data-start=\"2280\" data-end=\"2299\">Do not store damp<\/p>\n<\/li>\n<\/ul>\n<hr class=\"\" data-start=\"2301\" data-end=\"2304\" \/>\n<h3 class=\"\" data-start=\"2306\" data-end=\"2340\"><strong data-start=\"2313\" data-end=\"2340\">Material composition<\/strong><\/h3>\n<ul data-start=\"2341\" data-end=\"2494\">\n<li class=\"\" data-start=\"2341\" data-end=\"2358\">\n<p class=\"\" data-start=\"2343\" data-end=\"2358\">38 % Polyamide<\/p>\n<\/li>\n<li class=\"\" data-start=\"2359\" data-end=\"2377\">\n<p class=\"\" data-start=\"2361\" data-end=\"2377\">29 % Polyester<\/p>\n<\/li>\n<li class=\"\" data-start=\"2378\" data-end=\"2412\">\n<p class=\"\" data-start=\"2380\" data-end=\"2412\">14 % steel (reinforcing bars)<\/p>\n<\/li>\n<li class=\"\" data-start=\"2413\" data-end=\"2432\">\n<p class=\"\" data-start=\"2415\" data-end=\"2432\">8 % Polyurethane<\/p>\n<\/li>\n<li class=\"\" data-start=\"2433\" data-end=\"2449\">\n<p class=\"\" data-start=\"2435\" data-end=\"2449\">4 % Spandex<\/p>\n<\/li>\n<li class=\"\" data-start=\"2450\" data-end=\"2478\">\n<p class=\"\" data-start=\"2452\" data-end=\"2478\">7 % other materials<\/p>\n<\/li>\n<li class=\"\" data-start=\"2479\" data-end=\"2494\">\n<p class=\"\" data-start=\"2481\" data-end=\"2494\"><strong data-start=\"2481\" data-end=\"2494\">Latex-free<\/strong><\/p>\n<\/li>\n<\/ul>","protected":false},"excerpt":{"rendered":"<p>The Push Sports wrist support offers targeted stabilization for pain, instability or overloading of the wrist - ideal for sports and everyday life. Flexible reinforcement rods and individually adjustable compression relieve pressure on your wrist without restricting the mobility of your hand and fingers. Ultralight, breathable and developed in collaboration with sports physicians - perfect for active people.<\/p>","protected":false},"featured_media":2744,"comment_status":"open","ping_status":"closed","template":"","meta":[],"product_brand":[],"product_cat":[16],"product_tag":[],"class_list":{"0":"post-2719","1":"product","2":"type-product","3":"status-publish","4":"has-post-thumbnail","6":"product_cat-handgelenk","8":"first","9":"instock","10":"taxable","11":"shipping-taxable","12":"purchasable","13":"product-type-variable"},"yoast_head":"<!-- This site is optimized with the Yoast SEO plugin v27.5 - https:\/\/yoast.com\/product\/yoast-seo-wordpress\/ -->\n<title>Push Sports Handgelenkbandage - naosu.de \u2013 Medizinprodukte &amp; Hilfsmittel online kaufen | Schnell &amp; zuverl\u00e4ssig<\/title>\n<meta name=\"description\" content=\"Die Push Sports Handgelenkbandage bietet optimale Stabilit\u00e4t und Schutz bei \u00dcberlastung oder Verletzungen. Jetzt bei Naosu online bestellen!\" \/>\n<meta name=\"robots\" content=\"index, follow, max-snippet:-1, max-image-preview:large, max-video-preview:-1\" \/>\n<link rel=\"canonical\" href=\"https:\/\/www.naosu.de\/en\/product\/push-sports-wrist-bandage-stability-protection-for-your-wrist\/\" \/>\n<meta property=\"og:locale\" content=\"en_US\" \/>\n<meta property=\"og:type\" content=\"article\" \/>\n<meta property=\"og:title\" content=\"Push Sports Handgelenkbandage - naosu.de \u2013 Medizinprodukte &amp; Hilfsmittel online kaufen | Schnell &amp; zuverl\u00e4ssig\" \/>\n<meta property=\"og:description\" content=\"Die Push Sports Handgelenkbandage bietet optimale Stabilit\u00e4t und Schutz bei \u00dcberlastung oder Verletzungen. Jetzt bei Naosu online bestellen!\" \/>\n<meta property=\"og:url\" content=\"https:\/\/www.naosu.de\/en\/product\/push-sports-wrist-bandage-stability-protection-for-your-wrist\/\" \/>\n<meta property=\"og:site_name\" content=\"naosu.de \u2013 Medizinprodukte &amp; Hilfsmittel online kaufen | Schnell &amp; zuverl\u00e4ssig\" \/>\n<meta property=\"article:modified_time\" content=\"2026-03-14T14:38:18+00:00\" \/>\n<meta property=\"og:image\" content=\"https:\/\/www.naosu.de\/wp-content\/uploads\/2025\/05\/3.png\" \/>\n\t<meta property=\"og:image:width\" content=\"1280\" \/>\n\t<meta property=\"og:image:height\" content=\"1588\" \/>\n\t<meta property=\"og:image:type\" content=\"image\/png\" \/>\n<meta name=\"twitter:card\" content=\"summary_large_image\" \/>\n<meta name=\"twitter:label1\" content=\"Est. reading time\" \/>\n\t<meta name=\"twitter:data1\" content=\"1 minute\" \/>\n<script type=\"application\/ld+json\" class=\"yoast-schema-graph\">{\"@context\":\"https:\\\/\\\/schema.org\",\"@graph\":[{\"@type\":\"WebPage\",\"@id\":\"https:\\\/\\\/www.naosu.de\\\/produkt\\\/push-sports-handgelenkbandage-stabilitaet-schutz-fuer-dein-handgelenk\\\/\",\"url\":\"https:\\\/\\\/www.naosu.de\\\/produkt\\\/push-sports-handgelenkbandage-stabilitaet-schutz-fuer-dein-handgelenk\\\/\",\"name\":\"Push Sports Handgelenkbandage - naosu.de \u2013 Medizinprodukte &amp; Hilfsmittel online kaufen | Schnell &amp; zuverl\u00e4ssig\",\"isPartOf\":{\"@id\":\"https:\\\/\\\/www.naosu.de\\\/#website\"},\"primaryImageOfPage\":{\"@id\":\"https:\\\/\\\/www.naosu.de\\\/produkt\\\/push-sports-handgelenkbandage-stabilitaet-schutz-fuer-dein-handgelenk\\\/#primaryimage\"},\"image\":{\"@id\":\"https:\\\/\\\/www.naosu.de\\\/produkt\\\/push-sports-handgelenkbandage-stabilitaet-schutz-fuer-dein-handgelenk\\\/#primaryimage\"},\"thumbnailUrl\":\"https:\\\/\\\/www.naosu.de\\\/wp-content\\\/uploads\\\/2025\\\/05\\\/3.png\",\"datePublished\":\"2025-05-16T12:56:43+00:00\",\"dateModified\":\"2026-03-14T14:38:18+00:00\",\"description\":\"Die Push Sports Handgelenkbandage bietet optimale Stabilit\u00e4t und Schutz bei \u00dcberlastung oder Verletzungen. Jetzt bei Naosu online bestellen!\",\"breadcrumb\":{\"@id\":\"https:\\\/\\\/www.naosu.de\\\/produkt\\\/push-sports-handgelenkbandage-stabilitaet-schutz-fuer-dein-handgelenk\\\/#breadcrumb\"},\"inLanguage\":\"en-US\",\"potentialAction\":[{\"@type\":\"ReadAction\",\"target\":[\"https:\\\/\\\/www.naosu.de\\\/produkt\\\/push-sports-handgelenkbandage-stabilitaet-schutz-fuer-dein-handgelenk\\\/\"]}]},{\"@type\":\"ImageObject\",\"inLanguage\":\"en-US\",\"@id\":\"https:\\\/\\\/www.naosu.de\\\/produkt\\\/push-sports-handgelenkbandage-stabilitaet-schutz-fuer-dein-handgelenk\\\/#primaryimage\",\"url\":\"https:\\\/\\\/www.naosu.de\\\/wp-content\\\/uploads\\\/2025\\\/05\\\/3.png\",\"contentUrl\":\"https:\\\/\\\/www.naosu.de\\\/wp-content\\\/uploads\\\/2025\\\/05\\\/3.png\",\"width\":1280,\"height\":1588},{\"@type\":\"BreadcrumbList\",\"@id\":\"https:\\\/\\\/www.naosu.de\\\/produkt\\\/push-sports-handgelenkbandage-stabilitaet-schutz-fuer-dein-handgelenk\\\/#breadcrumb\",\"itemListElement\":[{\"@type\":\"ListItem\",\"position\":1,\"name\":\"Startseite\",\"item\":\"https:\\\/\\\/www.naosu.de\\\/\"},{\"@type\":\"ListItem\",\"position\":2,\"name\":\"Shop\",\"item\":\"https:\\\/\\\/www.naosu.de\\\/shop\\\/\"},{\"@type\":\"ListItem\",\"position\":3,\"name\":\"Push Sports Handgelenkbandage\"}]},{\"@type\":\"WebSite\",\"@id\":\"https:\\\/\\\/www.naosu.de\\\/#website\",\"url\":\"https:\\\/\\\/www.naosu.de\\\/\",\"name\":\"naosu.de \u2013 Medizinprodukte &amp; Hilfsmittel online kaufen | Schnell &amp; zuverl\u00e4ssig\",\"description\":\"\",\"potentialAction\":[{\"@type\":\"SearchAction\",\"target\":{\"@type\":\"EntryPoint\",\"urlTemplate\":\"https:\\\/\\\/www.naosu.de\\\/?s={search_term_string}\"},\"query-input\":{\"@type\":\"PropertyValueSpecification\",\"valueRequired\":true,\"valueName\":\"search_term_string\"}}],\"inLanguage\":\"en-US\"}]}<\/script>\n<!-- \/ Yoast SEO plugin. -->","yoast_head_json":{"title":"Push Sports wrist support - naosu.de - Buy medical products &amp; medical aids online | Fast &amp; reliable","description":"The Push Sports wrist support offers optimum stability and protection in the event of overuse or injury. Order online at Naosu now!","robots":{"index":"index","follow":"follow","max-snippet":"max-snippet:-1","max-image-preview":"max-image-preview:large","max-video-preview":"max-video-preview:-1"},"canonical":"https:\/\/www.naosu.de\/en\/product\/push-sports-wrist-bandage-stability-protection-for-your-wrist\/","og_locale":"en_US","og_type":"article","og_title":"Push Sports Handgelenkbandage - naosu.de \u2013 Medizinprodukte &amp; Hilfsmittel online kaufen | Schnell &amp; zuverl\u00e4ssig","og_description":"Die Push Sports Handgelenkbandage bietet optimale Stabilit\u00e4t und Schutz bei \u00dcberlastung oder Verletzungen. Jetzt bei Naosu online bestellen!","og_url":"https:\/\/www.naosu.de\/en\/product\/push-sports-wrist-bandage-stability-protection-for-your-wrist\/","og_site_name":"naosu.de \u2013 Medizinprodukte &amp; Hilfsmittel online kaufen | Schnell &amp; zuverl\u00e4ssig","article_modified_time":"2026-03-14T14:38:18+00:00","og_image":[{"width":1280,"height":1588,"url":"https:\/\/www.naosu.de\/wp-content\/uploads\/2025\/05\/3.png","type":"image\/png"}],"twitter_card":"summary_large_image","twitter_misc":{"Est. reading time":"1 minute"},"schema":{"@context":"https:\/\/schema.org","@graph":[{"@type":"WebPage","@id":"https:\/\/www.naosu.de\/produkt\/push-sports-handgelenkbandage-stabilitaet-schutz-fuer-dein-handgelenk\/","url":"https:\/\/www.naosu.de\/produkt\/push-sports-handgelenkbandage-stabilitaet-schutz-fuer-dein-handgelenk\/","name":"Push Sports wrist support - naosu.de - Buy medical products &amp; medical aids online | Fast &amp; reliable","isPartOf":{"@id":"https:\/\/www.naosu.de\/#website"},"primaryImageOfPage":{"@id":"https:\/\/www.naosu.de\/produkt\/push-sports-handgelenkbandage-stabilitaet-schutz-fuer-dein-handgelenk\/#primaryimage"},"image":{"@id":"https:\/\/www.naosu.de\/produkt\/push-sports-handgelenkbandage-stabilitaet-schutz-fuer-dein-handgelenk\/#primaryimage"},"thumbnailUrl":"https:\/\/www.naosu.de\/wp-content\/uploads\/2025\/05\/3.png","datePublished":"2025-05-16T12:56:43+00:00","dateModified":"2026-03-14T14:38:18+00:00","description":"The Push Sports wrist support offers optimum stability and protection in the event of overuse or injury. Order online at Naosu now!","breadcrumb":{"@id":"https:\/\/www.naosu.de\/produkt\/push-sports-handgelenkbandage-stabilitaet-schutz-fuer-dein-handgelenk\/#breadcrumb"},"inLanguage":"en-US","potentialAction":[{"@type":"ReadAction","target":["https:\/\/www.naosu.de\/produkt\/push-sports-handgelenkbandage-stabilitaet-schutz-fuer-dein-handgelenk\/"]}]},{"@type":"ImageObject","inLanguage":"en-US","@id":"https:\/\/www.naosu.de\/produkt\/push-sports-handgelenkbandage-stabilitaet-schutz-fuer-dein-handgelenk\/#primaryimage","url":"https:\/\/www.naosu.de\/wp-content\/uploads\/2025\/05\/3.png","contentUrl":"https:\/\/www.naosu.de\/wp-content\/uploads\/2025\/05\/3.png","width":1280,"height":1588},{"@type":"BreadcrumbList","@id":"https:\/\/www.naosu.de\/produkt\/push-sports-handgelenkbandage-stabilitaet-schutz-fuer-dein-handgelenk\/#breadcrumb","itemListElement":[{"@type":"ListItem","position":1,"name":"Startseite","item":"https:\/\/www.naosu.de\/"},{"@type":"ListItem","position":2,"name":"Shop","item":"https:\/\/www.naosu.de\/shop\/"},{"@type":"ListItem","position":3,"name":"Push Sports Handgelenkbandage"}]},{"@type":"WebSite","@id":"https:\/\/www.naosu.de\/#website","url":"https:\/\/www.naosu.de\/","name":"naosu.de - Buy medical products &amp; medical aids online | Fast &amp; reliable","description":"","potentialAction":[{"@type":"SearchAction","target":{"@type":"EntryPoint","urlTemplate":"https:\/\/www.naosu.de\/?s={search_term_string}"},"query-input":{"@type":"PropertyValueSpecification","valueRequired":true,"valueName":"search_term_string"}}],"inLanguage":"en-US"}]}},"_links":{"self":[{"href":"https:\/\/www.naosu.de\/en\/wp-json\/wp\/v2\/product\/2719","targetHints":{"allow":["GET"]}}],"collection":[{"href":"https:\/\/www.naosu.de\/en\/wp-json\/wp\/v2\/product"}],"about":[{"href":"https:\/\/www.naosu.de\/en\/wp-json\/wp\/v2\/types\/product"}],"replies":[{"embeddable":true,"href":"https:\/\/www.naosu.de\/en\/wp-json\/wp\/v2\/comments?post=2719"}],"wp:featuredmedia":[{"embeddable":true,"href":"https:\/\/www.naosu.de\/en\/wp-json\/wp\/v2\/media\/2744"}],"wp:attachment":[{"href":"https:\/\/www.naosu.de\/en\/wp-json\/wp\/v2\/media?parent=2719"}],"wp:term":[{"taxonomy":"product_brand","embeddable":true,"href":"https:\/\/www.naosu.de\/en\/wp-json\/wp\/v2\/product_brand?post=2719"},{"taxonomy":"product_cat","embeddable":true,"href":"https:\/\/www.naosu.de\/en\/wp-json\/wp\/v2\/product_cat?post=2719"},{"taxonomy":"product_tag","embeddable":true,"href":"https:\/\/www.naosu.de\/en\/wp-json\/wp\/v2\/product_tag?post=2719"}],"curies":[{"name":"wp","href":"https:\/\/api.w.org\/{rel}","templated":true}]}}