{"id":2710,"date":"2025-05-16T14:45:00","date_gmt":"2025-05-16T12:45:00","guid":{"rendered":"https:\/\/naosu.cyteq.cloud\/?post_type=product&#038;p=2710"},"modified":"2026-05-02T13:55:06","modified_gmt":"2026-05-02T11:55:06","slug":"arion-easy-slide-donning-aid-compression-stockings-easier-to-put-on","status":"publish","type":"product","link":"https:\/\/www.naosu.de\/en\/product\/arion-easy-slide-donning-aid-compression-stockings-easier-to-put-on\/","title":{"rendered":"Arion Easy Slide"},"content":{"rendered":"<h1 data-start=\"679\" data-end=\"709\">Arion Easy Slide dressing aid<\/h1>\n<p data-start=\"711\" data-end=\"995\">The <strong data-start=\"715\" data-end=\"735\">Arion Easy Slide<\/strong> is an ergonomically designed donning aid that makes it easier to put on compression stockings or tights. High-quality material and a non-slip surface ensure a secure grip and comfortable handling - for more independence in everyday life.<\/p>\n<h2 data-start=\"997\" data-end=\"1008\">Advantages<\/h2>\n<ul data-start=\"1010\" data-end=\"1250\">\n<li data-start=\"1010\" data-end=\"1057\">\n<p data-start=\"1012\" data-end=\"1057\">Ergonomic design for easy operation<\/p>\n<\/li>\n<li data-start=\"1058\" data-end=\"1103\">\n<p data-start=\"1060\" data-end=\"1103\">Non-slip surface for a secure grip<\/p>\n<\/li>\n<li data-start=\"1104\" data-end=\"1144\">\n<p data-start=\"1106\" data-end=\"1144\">Durable, easy-care material<\/p>\n<\/li>\n<li data-start=\"1145\" data-end=\"1197\">\n<p data-start=\"1147\" data-end=\"1197\">Universally suitable for all compression stockings<\/p>\n<\/li>\n<li data-start=\"1198\" data-end=\"1250\">\n<p data-start=\"1200\" data-end=\"1250\">Supports people with limited hand strength<\/p>\n<\/li>\n<\/ul>\n<h2 data-start=\"1252\" data-end=\"1270\">Order now<\/h2>\n<p data-start=\"1272\" data-end=\"1458\">Order the <strong data-start=\"1285\" data-end=\"1317\">Arion Easy Slide dressing aid<\/strong> in the <a class=\"\" href=\"https:\/\/www.naosu.de\/en\/product\/arion-easy-slide\/\" target=\"_new\" rel=\"noopener\" data-start=\"1321\" data-end=\"1387\">Naosu online store<\/a> and make it easier for you to put on your compression stockings every day.<\/p>","protected":false},"excerpt":{"rendered":"<p class=\"p1\"><span class=\"s1\"><b>Makes it easier to put on compression stockings<\/b><\/span> thanks to low-friction special material - especially in the heel area. Gentle on care, relieves the burden on care staff and promotes independence.<\/p>\n<p>&nbsp;<\/p>","protected":false},"featured_media":2716,"comment_status":"open","ping_status":"closed","template":"","meta":[],"product_brand":[],"product_cat":[33],"product_tag":[],"class_list":{"0":"post-2710","1":"product","2":"type-product","3":"status-publish","4":"has-post-thumbnail","6":"product_cat-fuss","8":"first","9":"instock","10":"taxable","11":"shipping-taxable","12":"purchasable","13":"product-type-variable"},"yoast_head":"<!-- This site is optimized with the Yoast SEO plugin v27.5 - https:\/\/yoast.com\/product\/yoast-seo-wordpress\/ -->\n<title>Arion Easy Slide - naosu.de \u2013 Medizinprodukte &amp; Hilfsmittel online kaufen | Schnell &amp; zuverl\u00e4ssig<\/title>\n<meta name=\"description\" content=\"Mit der Arion Easy Slide Anziehhilfe gelingt das Anziehen von Kompressionsstr\u00fcmpfen schnell und m\u00fchelos. Jetzt bei Naosu online bestellen!\" \/>\n<meta name=\"robots\" content=\"index, follow, max-snippet:-1, max-image-preview:large, max-video-preview:-1\" \/>\n<link rel=\"canonical\" href=\"https:\/\/www.naosu.de\/en\/product\/arion-easy-slide-donning-aid-compression-stockings-easier-to-put-on\/\" \/>\n<meta property=\"og:locale\" content=\"en_US\" \/>\n<meta property=\"og:type\" content=\"article\" \/>\n<meta property=\"og:title\" content=\"Arion Easy Slide - naosu.de \u2013 Medizinprodukte &amp; Hilfsmittel online kaufen | Schnell &amp; zuverl\u00e4ssig\" \/>\n<meta property=\"og:description\" content=\"Mit der Arion Easy Slide Anziehhilfe gelingt das Anziehen von Kompressionsstr\u00fcmpfen schnell und m\u00fchelos. Jetzt bei Naosu online bestellen!\" \/>\n<meta property=\"og:url\" content=\"https:\/\/www.naosu.de\/en\/product\/arion-easy-slide-donning-aid-compression-stockings-easier-to-put-on\/\" \/>\n<meta property=\"og:site_name\" content=\"naosu.de \u2013 Medizinprodukte &amp; Hilfsmittel online kaufen | Schnell &amp; zuverl\u00e4ssig\" \/>\n<meta property=\"article:modified_time\" content=\"2026-05-02T11:55:06+00:00\" \/>\n<meta property=\"og:image\" content=\"https:\/\/www.naosu.de\/wp-content\/uploads\/2025\/05\/Arion-Easy-Slide.png\" \/>\n\t<meta property=\"og:image:width\" content=\"1280\" \/>\n\t<meta property=\"og:image:height\" content=\"1588\" \/>\n\t<meta property=\"og:image:type\" content=\"image\/png\" \/>\n<meta name=\"twitter:card\" content=\"summary_large_image\" \/>\n<meta name=\"twitter:label1\" content=\"Est. reading time\" \/>\n\t<meta name=\"twitter:data1\" content=\"1 minute\" \/>\n<script type=\"application\/ld+json\" class=\"yoast-schema-graph\">{\"@context\":\"https:\\\/\\\/schema.org\",\"@graph\":[{\"@type\":\"WebPage\",\"@id\":\"https:\\\/\\\/www.naosu.de\\\/produkt\\\/arion-easy-slide-anziehhilfe-kompressionsstruempfe-leichter-anziehen\\\/\",\"url\":\"https:\\\/\\\/www.naosu.de\\\/produkt\\\/arion-easy-slide-anziehhilfe-kompressionsstruempfe-leichter-anziehen\\\/\",\"name\":\"Arion Easy Slide - naosu.de \u2013 Medizinprodukte &amp; Hilfsmittel online kaufen | Schnell &amp; zuverl\u00e4ssig\",\"isPartOf\":{\"@id\":\"https:\\\/\\\/www.naosu.de\\\/#website\"},\"primaryImageOfPage\":{\"@id\":\"https:\\\/\\\/www.naosu.de\\\/produkt\\\/arion-easy-slide-anziehhilfe-kompressionsstruempfe-leichter-anziehen\\\/#primaryimage\"},\"image\":{\"@id\":\"https:\\\/\\\/www.naosu.de\\\/produkt\\\/arion-easy-slide-anziehhilfe-kompressionsstruempfe-leichter-anziehen\\\/#primaryimage\"},\"thumbnailUrl\":\"https:\\\/\\\/www.naosu.de\\\/wp-content\\\/uploads\\\/2025\\\/05\\\/Arion-Easy-Slide.png\",\"datePublished\":\"2025-05-16T12:45:00+00:00\",\"dateModified\":\"2026-05-02T11:55:06+00:00\",\"description\":\"Mit der Arion Easy Slide Anziehhilfe gelingt das Anziehen von Kompressionsstr\u00fcmpfen schnell und m\u00fchelos. Jetzt bei Naosu online bestellen!\",\"breadcrumb\":{\"@id\":\"https:\\\/\\\/www.naosu.de\\\/produkt\\\/arion-easy-slide-anziehhilfe-kompressionsstruempfe-leichter-anziehen\\\/#breadcrumb\"},\"inLanguage\":\"en-US\",\"potentialAction\":[{\"@type\":\"ReadAction\",\"target\":[\"https:\\\/\\\/www.naosu.de\\\/produkt\\\/arion-easy-slide-anziehhilfe-kompressionsstruempfe-leichter-anziehen\\\/\"]}]},{\"@type\":\"ImageObject\",\"inLanguage\":\"en-US\",\"@id\":\"https:\\\/\\\/www.naosu.de\\\/produkt\\\/arion-easy-slide-anziehhilfe-kompressionsstruempfe-leichter-anziehen\\\/#primaryimage\",\"url\":\"https:\\\/\\\/www.naosu.de\\\/wp-content\\\/uploads\\\/2025\\\/05\\\/Arion-Easy-Slide.png\",\"contentUrl\":\"https:\\\/\\\/www.naosu.de\\\/wp-content\\\/uploads\\\/2025\\\/05\\\/Arion-Easy-Slide.png\",\"width\":1280,\"height\":1588},{\"@type\":\"BreadcrumbList\",\"@id\":\"https:\\\/\\\/www.naosu.de\\\/produkt\\\/arion-easy-slide-anziehhilfe-kompressionsstruempfe-leichter-anziehen\\\/#breadcrumb\",\"itemListElement\":[{\"@type\":\"ListItem\",\"position\":1,\"name\":\"Startseite\",\"item\":\"https:\\\/\\\/www.naosu.de\\\/\"},{\"@type\":\"ListItem\",\"position\":2,\"name\":\"Shop\",\"item\":\"https:\\\/\\\/www.naosu.de\\\/shop\\\/\"},{\"@type\":\"ListItem\",\"position\":3,\"name\":\"Arion Easy Slide\"}]},{\"@type\":\"WebSite\",\"@id\":\"https:\\\/\\\/www.naosu.de\\\/#website\",\"url\":\"https:\\\/\\\/www.naosu.de\\\/\",\"name\":\"naosu.de \u2013 Medizinprodukte &amp; Hilfsmittel online kaufen | Schnell &amp; zuverl\u00e4ssig\",\"description\":\"\",\"potentialAction\":[{\"@type\":\"SearchAction\",\"target\":{\"@type\":\"EntryPoint\",\"urlTemplate\":\"https:\\\/\\\/www.naosu.de\\\/?s={search_term_string}\"},\"query-input\":{\"@type\":\"PropertyValueSpecification\",\"valueRequired\":true,\"valueName\":\"search_term_string\"}}],\"inLanguage\":\"en-US\"}]}<\/script>\n<!-- \/ Yoast SEO plugin. -->","yoast_head_json":{"title":"Arion Easy Slide - naosu.de - Buy medical devices &amp; medical aids online | Fast &amp; reliable","description":"With the Arion Easy Slide donning aid, putting on compression stockings is quick and effortless. Order online at Naosu now!","robots":{"index":"index","follow":"follow","max-snippet":"max-snippet:-1","max-image-preview":"max-image-preview:large","max-video-preview":"max-video-preview:-1"},"canonical":"https:\/\/www.naosu.de\/en\/product\/arion-easy-slide-donning-aid-compression-stockings-easier-to-put-on\/","og_locale":"en_US","og_type":"article","og_title":"Arion Easy Slide - naosu.de \u2013 Medizinprodukte &amp; Hilfsmittel online kaufen | Schnell &amp; zuverl\u00e4ssig","og_description":"Mit der Arion Easy Slide Anziehhilfe gelingt das Anziehen von Kompressionsstr\u00fcmpfen schnell und m\u00fchelos. Jetzt bei Naosu online bestellen!","og_url":"https:\/\/www.naosu.de\/en\/product\/arion-easy-slide-donning-aid-compression-stockings-easier-to-put-on\/","og_site_name":"naosu.de \u2013 Medizinprodukte &amp; Hilfsmittel online kaufen | Schnell &amp; zuverl\u00e4ssig","article_modified_time":"2026-05-02T11:55:06+00:00","og_image":[{"width":1280,"height":1588,"url":"https:\/\/www.naosu.de\/wp-content\/uploads\/2025\/05\/Arion-Easy-Slide.png","type":"image\/png"}],"twitter_card":"summary_large_image","twitter_misc":{"Est. reading time":"1 minute"},"schema":{"@context":"https:\/\/schema.org","@graph":[{"@type":"WebPage","@id":"https:\/\/www.naosu.de\/produkt\/arion-easy-slide-anziehhilfe-kompressionsstruempfe-leichter-anziehen\/","url":"https:\/\/www.naosu.de\/produkt\/arion-easy-slide-anziehhilfe-kompressionsstruempfe-leichter-anziehen\/","name":"Arion Easy Slide - naosu.de - Buy medical devices &amp; medical aids online | Fast &amp; reliable","isPartOf":{"@id":"https:\/\/www.naosu.de\/#website"},"primaryImageOfPage":{"@id":"https:\/\/www.naosu.de\/produkt\/arion-easy-slide-anziehhilfe-kompressionsstruempfe-leichter-anziehen\/#primaryimage"},"image":{"@id":"https:\/\/www.naosu.de\/produkt\/arion-easy-slide-anziehhilfe-kompressionsstruempfe-leichter-anziehen\/#primaryimage"},"thumbnailUrl":"https:\/\/www.naosu.de\/wp-content\/uploads\/2025\/05\/Arion-Easy-Slide.png","datePublished":"2025-05-16T12:45:00+00:00","dateModified":"2026-05-02T11:55:06+00:00","description":"With the Arion Easy Slide donning aid, putting on compression stockings is quick and effortless. Order online at Naosu now!","breadcrumb":{"@id":"https:\/\/www.naosu.de\/produkt\/arion-easy-slide-anziehhilfe-kompressionsstruempfe-leichter-anziehen\/#breadcrumb"},"inLanguage":"en-US","potentialAction":[{"@type":"ReadAction","target":["https:\/\/www.naosu.de\/produkt\/arion-easy-slide-anziehhilfe-kompressionsstruempfe-leichter-anziehen\/"]}]},{"@type":"ImageObject","inLanguage":"en-US","@id":"https:\/\/www.naosu.de\/produkt\/arion-easy-slide-anziehhilfe-kompressionsstruempfe-leichter-anziehen\/#primaryimage","url":"https:\/\/www.naosu.de\/wp-content\/uploads\/2025\/05\/Arion-Easy-Slide.png","contentUrl":"https:\/\/www.naosu.de\/wp-content\/uploads\/2025\/05\/Arion-Easy-Slide.png","width":1280,"height":1588},{"@type":"BreadcrumbList","@id":"https:\/\/www.naosu.de\/produkt\/arion-easy-slide-anziehhilfe-kompressionsstruempfe-leichter-anziehen\/#breadcrumb","itemListElement":[{"@type":"ListItem","position":1,"name":"Startseite","item":"https:\/\/www.naosu.de\/"},{"@type":"ListItem","position":2,"name":"Shop","item":"https:\/\/www.naosu.de\/shop\/"},{"@type":"ListItem","position":3,"name":"Arion Easy Slide"}]},{"@type":"WebSite","@id":"https:\/\/www.naosu.de\/#website","url":"https:\/\/www.naosu.de\/","name":"naosu.de - Buy medical products &amp; medical aids online | Fast &amp; reliable","description":"","potentialAction":[{"@type":"SearchAction","target":{"@type":"EntryPoint","urlTemplate":"https:\/\/www.naosu.de\/?s={search_term_string}"},"query-input":{"@type":"PropertyValueSpecification","valueRequired":true,"valueName":"search_term_string"}}],"inLanguage":"en-US"}]}},"_links":{"self":[{"href":"https:\/\/www.naosu.de\/en\/wp-json\/wp\/v2\/product\/2710","targetHints":{"allow":["GET"]}}],"collection":[{"href":"https:\/\/www.naosu.de\/en\/wp-json\/wp\/v2\/product"}],"about":[{"href":"https:\/\/www.naosu.de\/en\/wp-json\/wp\/v2\/types\/product"}],"replies":[{"embeddable":true,"href":"https:\/\/www.naosu.de\/en\/wp-json\/wp\/v2\/comments?post=2710"}],"wp:featuredmedia":[{"embeddable":true,"href":"https:\/\/www.naosu.de\/en\/wp-json\/wp\/v2\/media\/2716"}],"wp:attachment":[{"href":"https:\/\/www.naosu.de\/en\/wp-json\/wp\/v2\/media?parent=2710"}],"wp:term":[{"taxonomy":"product_brand","embeddable":true,"href":"https:\/\/www.naosu.de\/en\/wp-json\/wp\/v2\/product_brand?post=2710"},{"taxonomy":"product_cat","embeddable":true,"href":"https:\/\/www.naosu.de\/en\/wp-json\/wp\/v2\/product_cat?post=2710"},{"taxonomy":"product_tag","embeddable":true,"href":"https:\/\/www.naosu.de\/en\/wp-json\/wp\/v2\/product_tag?post=2710"}],"curies":[{"name":"wp","href":"https:\/\/api.w.org\/{rel}","templated":true}]}}