{"id":358,"date":"2015-08-12T12:27:19","date_gmt":"2015-08-12T12:27:19","guid":{"rendered":"http:\/\/savoy.nordicmade.com\/?page_id=358"},"modified":"2025-09-24T11:35:13","modified_gmt":"2025-09-24T09:35:13","slug":"about-naosu-your-online-sanitary-house-with-personality","status":"publish","type":"page","link":"https:\/\/www.naosu.de\/en\/about-naosu-your-online-sanitary-house-with-personality\/","title":{"rendered":"About us"},"content":{"rendered":"<div data-elementor-type=\"wp-page\" data-elementor-id=\"358\" class=\"elementor elementor-358\">\n\t\t\t\t\t\t<section class=\"elementor-section elementor-top-section elementor-element elementor-element-9340f67 elementor-section-boxed elementor-section-height-default elementor-section-height-default\" data-id=\"9340f67\" data-element_type=\"section\">\n\t\t\t\t\t\t<div class=\"elementor-container elementor-column-gap-extended\">\n\t\t\t\t\t<div class=\"elementor-column elementor-col-100 elementor-top-column elementor-element elementor-element-abe2cca\" data-id=\"abe2cca\" data-element_type=\"column\">\n\t\t\t<div class=\"elementor-widget-wrap elementor-element-populated\">\n\t\t\t\t\t\t<div class=\"elementor-element elementor-element-530fccd elementor-widget elementor-widget-heading\" data-id=\"530fccd\" data-element_type=\"widget\" data-widget_type=\"heading.default\">\n\t\t\t\t\t<h2 class=\"elementor-heading-title elementor-size-default\">naosu - the online medical supply store with a difference, where YOU are the center of attention.<\/h2>\t\t\t\t<\/div>\n\t\t\t\t\t<\/div>\n\t\t<\/div>\n\t\t\t\t\t<\/div>\n\t\t<\/section>\n\t\t\t\t<section class=\"elementor-section elementor-top-section elementor-element elementor-element-0cabd80 elementor-section-boxed elementor-section-height-default elementor-section-height-default\" data-id=\"0cabd80\" data-element_type=\"section\">\n\t\t\t\t\t\t<div class=\"elementor-container elementor-column-gap-extended\">\n\t\t\t\t\t<div class=\"elementor-column elementor-col-50 elementor-top-column elementor-element elementor-element-004c2af\" data-id=\"004c2af\" data-element_type=\"column\">\n\t\t\t<div class=\"elementor-widget-wrap elementor-element-populated\">\n\t\t\t\t\t\t<div class=\"elementor-element elementor-element-9eb89a1 elementor-widget elementor-widget-heading\" data-id=\"9eb89a1\" data-element_type=\"widget\" data-widget_type=\"heading.default\">\n\t\t\t\t\t<h4 class=\"elementor-heading-title elementor-size-default\">The naosu brand<\/h4>\t\t\t\t<\/div>\n\t\t\t\t\t<\/div>\n\t\t<\/div>\n\t\t\t\t<div class=\"elementor-column elementor-col-50 elementor-top-column elementor-element elementor-element-e968738\" data-id=\"e968738\" data-element_type=\"column\">\n\t\t\t<div class=\"elementor-widget-wrap elementor-element-populated\">\n\t\t\t\t\t\t<div class=\"elementor-element elementor-element-edcf037 elementor-widget elementor-widget-text-editor\" data-id=\"edcf037\" data-element_type=\"widget\" data-widget_type=\"text-editor.default\">\n\t\t\t\t\t\t\t\t\t<p>Accompanying you seriously, professionally and competently on your path to healing is our most important concern. At naosu, you won't be overwhelmed by hundreds of products. Instead, you will find a selection of premium products that we are convinced will best help you heal. We benefit from the years of experience of our employees, who have experienced first-hand which products are really good as part of their work in medical supply stores.<\/p>\t\t\t\t\t\t\t\t<\/div>\n\t\t\t\t\t<\/div>\n\t\t<\/div>\n\t\t\t\t\t<\/div>\n\t\t<\/section>\n\t\t\t\t<section class=\"elementor-section elementor-top-section elementor-element elementor-element-27c4bd1 elementor-section-boxed elementor-section-height-default elementor-section-height-default\" data-id=\"27c4bd1\" data-element_type=\"section\">\n\t\t\t\t\t\t<div class=\"elementor-container elementor-column-gap-extended\">\n\t\t\t\t\t<div class=\"elementor-column elementor-col-50 elementor-top-column elementor-element elementor-element-fe65a92\" data-id=\"fe65a92\" data-element_type=\"column\">\n\t\t\t<div class=\"elementor-widget-wrap elementor-element-populated\">\n\t\t\t\t\t\t<div class=\"elementor-element elementor-element-5fe4630 elementor-widget elementor-widget-heading\" data-id=\"5fe4630\" data-element_type=\"widget\" data-widget_type=\"heading.default\">\n\t\t\t\t\t<h4 class=\"elementor-heading-title elementor-size-default\">Movingly different<\/h4>\t\t\t\t<\/div>\n\t\t\t\t\t<\/div>\n\t\t<\/div>\n\t\t\t\t<div class=\"elementor-column elementor-col-50 elementor-top-column elementor-element elementor-element-ef1a85d\" data-id=\"ef1a85d\" data-element_type=\"column\">\n\t\t\t<div class=\"elementor-widget-wrap elementor-element-populated\">\n\t\t\t\t\t\t<div class=\"elementor-element elementor-element-ec88269 elementor-widget elementor-widget-text-editor\" data-id=\"ec88269\" data-element_type=\"widget\" data-widget_type=\"text-editor.default\">\n\t\t\t\t\t\t\t\t\t<p>You've probably already noticed that naosu is a little different from most medical supply stores (whether online or on site). But we ask ourselves: why should orthopaedic technology be gray and dusty? After all, your health is anything but boring and dull! That's why Naosu is fresh, colorful and modern. We like it clear, but bold and colorful. We are serious, but never boring. We are experienced, but not old-fashioned. And most importantly: we may be an online retailer, but we are by no means anonymous and unapproachable. In short: we simply like to be a little different and that's what sets us apart.<\/p>\t\t\t\t\t\t\t\t<\/div>\n\t\t\t\t\t<\/div>\n\t\t<\/div>\n\t\t\t\t\t<\/div>\n\t\t<\/section>\n\t\t\t\t<section class=\"elementor-section elementor-top-section elementor-element elementor-element-38f9f1c elementor-section-boxed elementor-section-height-default elementor-section-height-default\" data-id=\"38f9f1c\" data-element_type=\"section\">\n\t\t\t\t\t\t<div class=\"elementor-container elementor-column-gap-extended\">\n\t\t\t\t\t<div class=\"elementor-column elementor-col-50 elementor-top-column elementor-element elementor-element-18536f3\" data-id=\"18536f3\" data-element_type=\"column\">\n\t\t\t<div class=\"elementor-widget-wrap elementor-element-populated\">\n\t\t\t\t\t\t<div class=\"elementor-element elementor-element-adb2430 elementor-widget elementor-widget-heading\" data-id=\"adb2430\" data-element_type=\"widget\" data-widget_type=\"heading.default\">\n\t\t\t\t\t<h4 class=\"elementor-heading-title elementor-size-default\">Contact us<\/h4>\t\t\t\t<\/div>\n\t\t\t\t\t<\/div>\n\t\t<\/div>\n\t\t\t\t<div class=\"elementor-column elementor-col-50 elementor-top-column elementor-element elementor-element-f40756e\" data-id=\"f40756e\" data-element_type=\"column\">\n\t\t\t<div class=\"elementor-widget-wrap elementor-element-populated\">\n\t\t\t\t\t\t<div class=\"elementor-element elementor-element-c551d30 elementor-widget elementor-widget-text-editor\" data-id=\"c551d30\" data-element_type=\"widget\" data-widget_type=\"text-editor.default\">\n\t\t\t\t\t\t\t\t\t<p>Phone: +49 2641 8970500<br \/><a href=\"mailto:hallo@naosu.de\">hallo@naosu.de<\/a><\/p>\n<p>Bergstrasse 1B<br \/>53474 Bad Neuenahr<\/p>\n<p><br \/>Mondays to Fridays from 09:00 to 16:00<\/p>\t\t\t\t\t\t\t\t<\/div>\n\t\t\t\t\t<\/div>\n\t\t<\/div>\n\t\t\t\t\t<\/div>\n\t\t<\/section>\n\t\t\t\t<section class=\"elementor-section elementor-top-section elementor-element elementor-element-d13a73e elementor-section-boxed elementor-section-height-default elementor-section-height-default\" data-id=\"d13a73e\" data-element_type=\"section\">\n\t\t\t\t\t\t<div class=\"elementor-container elementor-column-gap-extended\">\n\t\t\t\t\t<div class=\"elementor-column elementor-col-100 elementor-top-column elementor-element elementor-element-35b68fe\" data-id=\"35b68fe\" data-element_type=\"column\">\n\t\t\t<div class=\"elementor-widget-wrap\">\n\t\t\t\t\t\t\t<\/div>\n\t\t<\/div>\n\t\t\t\t\t<\/div>\n\t\t<\/section>\n\t\t\t\t<\/div>","protected":false},"excerpt":{"rendered":"<p>naosu &#8211; das etwas andere online Sanit\u00e4tshaus, in dem DU im Mittelpunkt stehst. Die Marke naosu Dich seri\u00f6s, professionell und kompetent auf deinem Weg zur Heilung zu begleiten, das ist unser wichtigstes Anliegen. Bei naosu wirst du daher nicht von hunderten von Produkten erschlagen. Stattdessen findest du eine Auswahl an Premiumprodukten, von denen wir \u00fcberzeugt &hellip;<\/p>","protected":false},"author":1,"featured_media":0,"parent":0,"menu_order":0,"comment_status":"closed","ping_status":"closed","template":"","meta":{"footnotes":""},"class_list":["post-358","page","type-page","status-publish","hentry"],"yoast_head":"<!-- This site is optimized with the Yoast SEO plugin v27.4 - https:\/\/yoast.com\/product\/yoast-seo-wordpress\/ -->\n<title>\u00dcber Uns - naosu.de \u2013 Medizinprodukte &amp; Hilfsmittel online kaufen | Schnell &amp; zuverl\u00e4ssig<\/title>\n<meta name=\"description\" content=\"Lerne Naosu kennen \u2013 dein Online-Sanit\u00e4tshaus f\u00fcr Ortho- und Sportbandagen. Pers\u00f6nlich, modern &amp; kompetent. Jetzt mehr \u00fcber Naosu erfahren!\" \/>\n<meta name=\"robots\" content=\"index, follow, max-snippet:-1, max-image-preview:large, max-video-preview:-1\" \/>\n<link rel=\"canonical\" href=\"https:\/\/www.naosu.de\/en\/about-naosu-your-online-sanitary-house-with-personality\/\" \/>\n<meta property=\"og:locale\" content=\"en_US\" \/>\n<meta property=\"og:type\" content=\"article\" \/>\n<meta property=\"og:title\" content=\"\u00dcber Uns - naosu.de \u2013 Medizinprodukte &amp; Hilfsmittel online kaufen | Schnell &amp; zuverl\u00e4ssig\" \/>\n<meta property=\"og:description\" content=\"Lerne Naosu kennen \u2013 dein Online-Sanit\u00e4tshaus f\u00fcr Ortho- und Sportbandagen. Pers\u00f6nlich, modern &amp; kompetent. Jetzt mehr \u00fcber Naosu erfahren!\" \/>\n<meta property=\"og:url\" content=\"https:\/\/www.naosu.de\/en\/about-naosu-your-online-sanitary-house-with-personality\/\" \/>\n<meta property=\"og:site_name\" content=\"naosu.de \u2013 Medizinprodukte &amp; Hilfsmittel online kaufen | Schnell &amp; zuverl\u00e4ssig\" \/>\n<meta property=\"article:modified_time\" content=\"2025-09-24T09:35:13+00:00\" \/>\n<meta name=\"twitter:card\" content=\"summary_large_image\" \/>\n<meta name=\"twitter:label1\" content=\"Est. reading time\" \/>\n\t<meta name=\"twitter:data1\" content=\"2 minutes\" \/>\n<script type=\"application\/ld+json\" class=\"yoast-schema-graph\">{\"@context\":\"https:\\\/\\\/schema.org\",\"@graph\":[{\"@type\":\"WebPage\",\"@id\":\"https:\\\/\\\/www.naosu.de\\\/ueber-naosu-dein-online%e2%80%91sanitaetshaus-mit-persoenlichkeit\\\/\",\"url\":\"https:\\\/\\\/www.naosu.de\\\/ueber-naosu-dein-online%e2%80%91sanitaetshaus-mit-persoenlichkeit\\\/\",\"name\":\"\u00dcber Uns - naosu.de \u2013 Medizinprodukte &amp; Hilfsmittel online kaufen | Schnell &amp; zuverl\u00e4ssig\",\"isPartOf\":{\"@id\":\"https:\\\/\\\/www.naosu.de\\\/#website\"},\"datePublished\":\"2015-08-12T12:27:19+00:00\",\"dateModified\":\"2025-09-24T09:35:13+00:00\",\"description\":\"Lerne Naosu kennen \u2013 dein Online-Sanit\u00e4tshaus f\u00fcr Ortho- und Sportbandagen. Pers\u00f6nlich, modern & kompetent. Jetzt mehr \u00fcber Naosu erfahren!\",\"breadcrumb\":{\"@id\":\"https:\\\/\\\/www.naosu.de\\\/ueber-naosu-dein-online%e2%80%91sanitaetshaus-mit-persoenlichkeit\\\/#breadcrumb\"},\"inLanguage\":\"en-US\",\"potentialAction\":[{\"@type\":\"ReadAction\",\"target\":[\"https:\\\/\\\/www.naosu.de\\\/ueber-naosu-dein-online%e2%80%91sanitaetshaus-mit-persoenlichkeit\\\/\"]}]},{\"@type\":\"BreadcrumbList\",\"@id\":\"https:\\\/\\\/www.naosu.de\\\/ueber-naosu-dein-online%e2%80%91sanitaetshaus-mit-persoenlichkeit\\\/#breadcrumb\",\"itemListElement\":[{\"@type\":\"ListItem\",\"position\":1,\"name\":\"Startseite\",\"item\":\"https:\\\/\\\/www.naosu.de\\\/\"},{\"@type\":\"ListItem\",\"position\":2,\"name\":\"\u00dcber Uns\"}]},{\"@type\":\"WebSite\",\"@id\":\"https:\\\/\\\/www.naosu.de\\\/#website\",\"url\":\"https:\\\/\\\/www.naosu.de\\\/\",\"name\":\"naosu.de \u2013 Medizinprodukte &amp; Hilfsmittel online kaufen | Schnell &amp; zuverl\u00e4ssig\",\"description\":\"\",\"potentialAction\":[{\"@type\":\"SearchAction\",\"target\":{\"@type\":\"EntryPoint\",\"urlTemplate\":\"https:\\\/\\\/www.naosu.de\\\/?s={search_term_string}\"},\"query-input\":{\"@type\":\"PropertyValueSpecification\",\"valueRequired\":true,\"valueName\":\"search_term_string\"}}],\"inLanguage\":\"en-US\"}]}<\/script>\n<!-- \/ Yoast SEO plugin. -->","yoast_head_json":{"title":"About us - naosu.de - Buy medical products &amp; medical aids online | Fast &amp; reliable","description":"Get to know Naosu - your online medical supply store for orthotic and sports supports. Personal, modern &amp; competent. Find out more about Naosu now!","robots":{"index":"index","follow":"follow","max-snippet":"max-snippet:-1","max-image-preview":"max-image-preview:large","max-video-preview":"max-video-preview:-1"},"canonical":"https:\/\/www.naosu.de\/en\/about-naosu-your-online-sanitary-house-with-personality\/","og_locale":"en_US","og_type":"article","og_title":"\u00dcber Uns - naosu.de \u2013 Medizinprodukte &amp; Hilfsmittel online kaufen | Schnell &amp; zuverl\u00e4ssig","og_description":"Lerne Naosu kennen \u2013 dein Online-Sanit\u00e4tshaus f\u00fcr Ortho- und Sportbandagen. Pers\u00f6nlich, modern & kompetent. Jetzt mehr \u00fcber Naosu erfahren!","og_url":"https:\/\/www.naosu.de\/en\/about-naosu-your-online-sanitary-house-with-personality\/","og_site_name":"naosu.de \u2013 Medizinprodukte &amp; Hilfsmittel online kaufen | Schnell &amp; zuverl\u00e4ssig","article_modified_time":"2025-09-24T09:35:13+00:00","twitter_card":"summary_large_image","twitter_misc":{"Est. reading time":"2 minutes"},"schema":{"@context":"https:\/\/schema.org","@graph":[{"@type":"WebPage","@id":"https:\/\/www.naosu.de\/ueber-naosu-dein-online%e2%80%91sanitaetshaus-mit-persoenlichkeit\/","url":"https:\/\/www.naosu.de\/ueber-naosu-dein-online%e2%80%91sanitaetshaus-mit-persoenlichkeit\/","name":"About us - naosu.de - Buy medical products &amp; medical aids online | Fast &amp; reliable","isPartOf":{"@id":"https:\/\/www.naosu.de\/#website"},"datePublished":"2015-08-12T12:27:19+00:00","dateModified":"2025-09-24T09:35:13+00:00","description":"Get to know Naosu - your online medical supply store for orthotic and sports supports. Personal, modern &amp; competent. Find out more about Naosu now!","breadcrumb":{"@id":"https:\/\/www.naosu.de\/ueber-naosu-dein-online%e2%80%91sanitaetshaus-mit-persoenlichkeit\/#breadcrumb"},"inLanguage":"en-US","potentialAction":[{"@type":"ReadAction","target":["https:\/\/www.naosu.de\/ueber-naosu-dein-online%e2%80%91sanitaetshaus-mit-persoenlichkeit\/"]}]},{"@type":"BreadcrumbList","@id":"https:\/\/www.naosu.de\/ueber-naosu-dein-online%e2%80%91sanitaetshaus-mit-persoenlichkeit\/#breadcrumb","itemListElement":[{"@type":"ListItem","position":1,"name":"Startseite","item":"https:\/\/www.naosu.de\/"},{"@type":"ListItem","position":2,"name":"\u00dcber Uns"}]},{"@type":"WebSite","@id":"https:\/\/www.naosu.de\/#website","url":"https:\/\/www.naosu.de\/","name":"naosu.de - Buy medical products &amp; medical aids online | Fast &amp; reliable","description":"","potentialAction":[{"@type":"SearchAction","target":{"@type":"EntryPoint","urlTemplate":"https:\/\/www.naosu.de\/?s={search_term_string}"},"query-input":{"@type":"PropertyValueSpecification","valueRequired":true,"valueName":"search_term_string"}}],"inLanguage":"en-US"}]}},"_links":{"self":[{"href":"https:\/\/www.naosu.de\/en\/wp-json\/wp\/v2\/pages\/358","targetHints":{"allow":["GET"]}}],"collection":[{"href":"https:\/\/www.naosu.de\/en\/wp-json\/wp\/v2\/pages"}],"about":[{"href":"https:\/\/www.naosu.de\/en\/wp-json\/wp\/v2\/types\/page"}],"author":[{"embeddable":true,"href":"https:\/\/www.naosu.de\/en\/wp-json\/wp\/v2\/users\/1"}],"replies":[{"embeddable":true,"href":"https:\/\/www.naosu.de\/en\/wp-json\/wp\/v2\/comments?post=358"}],"version-history":[{"count":4,"href":"https:\/\/www.naosu.de\/en\/wp-json\/wp\/v2\/pages\/358\/revisions"}],"predecessor-version":[{"id":3422,"href":"https:\/\/www.naosu.de\/en\/wp-json\/wp\/v2\/pages\/358\/revisions\/3422"}],"wp:attachment":[{"href":"https:\/\/www.naosu.de\/en\/wp-json\/wp\/v2\/media?parent=358"}],"curies":[{"name":"wp","href":"https:\/\/api.w.org\/{rel}","templated":true}]}}