{"id":2848,"date":"2025-05-16T18:51:12","date_gmt":"2025-05-16T16:51:12","guid":{"rendered":"https:\/\/naosu.cyteq.cloud\/?page_id=2848"},"modified":"2025-07-23T15:06:33","modified_gmt":"2025-07-23T13:06:33","slug":"payment-shipping","status":"publish","type":"page","link":"https:\/\/www.naosu.de\/en\/payment-shipping\/","title":{"rendered":"Payment &amp; Shipping"},"content":{"rendered":"<div data-elementor-type=\"wp-page\" data-elementor-id=\"2848\" class=\"elementor elementor-2848\">\n\t\t\t\t<div class=\"elementor-element elementor-element-e7aa155 e-flex e-con-boxed e-con e-parent\" data-id=\"e7aa155\" data-element_type=\"container\">\n\t\t\t\t\t<div class=\"e-con-inner\">\n\t\t\t\t<div class=\"elementor-element elementor-element-1f6fe3ab elementor-widget elementor-widget-text-editor\" data-id=\"1f6fe3ab\" data-element_type=\"widget\" data-widget_type=\"text-editor.default\">\n\t\t\t\t\t\t\t\t\t<h1>Services<\/h1>\n<p><!-- \/wp:heading --><!-- wp:paragraph --><\/p>\n<p>Here you will find an overview of all information about shipping, payment methods and more. If you have any questions, please visit our\u00a0<a href=\"https:\/\/www.naosu.de\/en\/informationen\/faq\/\" target=\"_blank\" rel=\"noreferrer noopener\">FAQs\u00a0<\/a>or get in touch with us. \ud83d\ude42<\/p>\n<p><!-- \/wp:paragraph --><!-- wp:heading --><\/p>\n<h2><b>Shipping<\/b><\/h2>\n<p><!-- \/wp:heading --><!-- wp:paragraph --><\/p>\n<table data-start=\"159\" data-end=\"778\">\n<thead data-start=\"159\" data-end=\"234\">\n<tr data-start=\"159\" data-end=\"234\">\n<th data-start=\"159\" data-end=\"195\" data-col-size=\"md\"><strong data-start=\"161\" data-end=\"176\">Shipping destination<\/strong><\/th>\n<th data-start=\"195\" data-end=\"234\" data-col-size=\"sm\"><strong data-start=\"197\" data-end=\"214\">Shipping costs<\/strong><\/th>\n<\/tr>\n<\/thead>\n<tbody data-start=\"313\" data-end=\"778\">\n<tr data-start=\"313\" data-end=\"390\">\n<td data-start=\"313\" data-end=\"350\" data-col-size=\"md\"><strong data-start=\"315\" data-end=\"330\">Germany<\/strong><\/td>\n<td data-col-size=\"sm\" data-start=\"350\" data-end=\"390\">\u00a0<\/td>\n<\/tr>\n<tr data-start=\"391\" data-end=\"468\">\n<td data-start=\"391\" data-end=\"428\" data-col-size=\"md\">- from 20 \u20ac value of goods<\/td>\n<td data-col-size=\"sm\" data-start=\"428\" data-end=\"468\">free of charge<\/td>\n<\/tr>\n<tr data-start=\"469\" data-end=\"546\">\n<td data-start=\"469\" data-end=\"506\" data-col-size=\"md\">- under 20 \u20ac value of goods<\/td>\n<td data-col-size=\"sm\" data-start=\"506\" data-end=\"546\">4,90 \u20ac<\/td>\n<\/tr>\n<tr data-start=\"547\" data-end=\"624\">\n<td data-start=\"547\" data-end=\"584\" data-col-size=\"md\"><strong data-start=\"549\" data-end=\"563\">France<\/strong><\/td>\n<td data-col-size=\"sm\" data-start=\"584\" data-end=\"624\">12,70 \u20ac<\/td>\n<\/tr>\n<tr data-start=\"625\" data-end=\"700\">\n<td data-start=\"625\" data-end=\"676\" data-col-size=\"md\"><strong data-start=\"627\" data-end=\"647\">Other EU countries<\/strong> (except Benelux, CH, AT, DK)<\/td>\n<td data-col-size=\"sm\" data-start=\"676\" data-end=\"700\">12,80 \u20ac<\/td>\n<\/tr>\n<tr data-start=\"701\" data-end=\"778\">\n<td data-start=\"701\" data-end=\"738\" data-col-size=\"md\"><strong data-start=\"703\" data-end=\"714\">Switzerland<\/strong><\/td>\n<td data-col-size=\"sm\" data-start=\"738\" data-end=\"778\">\n<p>19,90 \u20ac<\/p>\n<p>\u00a0<\/p>\n<\/td>\n<\/tr>\n<\/tbody>\n<\/table>\n<p><!-- \/wp:paragraph --><!-- wp:heading --><\/p>\n<h2>Delivery times<\/h2>\n<p><!-- \/wp:heading --><!-- wp:paragraph --><\/p>\n<p>Deutsche Post\/DHL: The regular delivery time depends on the local postal service and the country of delivery.\u00a0<\/p>\n<p><!-- \/wp:paragraph --><!-- wp:paragraph --><\/p>\n<p>Within Germany 1-3 working days; within the EU and Switzerland approx. 3-8 working days, overseas approx. 9 - 15 working days.<\/p>\n<p><!-- \/wp:paragraph --><!-- wp:paragraph --><\/p>\n<p>Delivery time from receipt of payment, we ship immediately after receipt of payment.\u00a0<\/p>\n<p><!-- \/wp:paragraph --><!-- wp:paragraph --><\/p>\n<p>You will be informed immediately of any delays in delivery. If the ordered goods are not available, we reserve the right not to deliver. In this case, you will be informed immediately and any payments already received will of course be refunded promptly.<\/p>\n<p><!-- \/wp:paragraph --><!-- wp:heading --><\/p>\n<h2>Means of payment<\/h2>\n<p><!-- \/wp:heading --><!-- wp:paragraph --><\/p>\n<p>You can pay at naosu.de with credit cards, Klarna, PayPal, Apple &amp; Google Pay or by bank transfer.<\/p>\n<p><!-- \/wp:paragraph --><\/p>\t\t\t\t\t\t\t\t<\/div>\n\t\t\t\t\t<\/div>\n\t\t\t\t<\/div>\n\t\t\t\t<\/div>","protected":false},"excerpt":{"rendered":"<p>Services Here you will find an overview of all information about shipping, payment methods and more. If you have any questions, please take a look at our FAQs or contact us. \ud83d\ude42 Shipping Shipping destination Shipping costs Germany - from 20 \u20ac value of goods free of charge - under 20 \u20ac value of goods 4,90 \u20ac France 12,70 \u20ac Other EU countries (except Benelux, CH, AT, DK) ...<\/p>","protected":false},"author":1,"featured_media":0,"parent":0,"menu_order":0,"comment_status":"closed","ping_status":"closed","template":"","meta":{"footnotes":""},"class_list":["post-2848","page","type-page","status-publish","hentry"],"yoast_head":"<!-- This site is optimized with the Yoast SEO plugin v27.4 - https:\/\/yoast.com\/product\/yoast-seo-wordpress\/ -->\n<title>Zahlung &amp; Versand - naosu.de \u2013 Medizinprodukte &amp; Hilfsmittel online kaufen | Schnell &amp; zuverl\u00e4ssig<\/title>\n<meta name=\"robots\" content=\"index, follow, max-snippet:-1, max-image-preview:large, max-video-preview:-1\" \/>\n<link rel=\"canonical\" href=\"https:\/\/www.naosu.de\/en\/payment-shipping\/\" \/>\n<meta property=\"og:locale\" content=\"en_US\" \/>\n<meta property=\"og:type\" content=\"article\" \/>\n<meta property=\"og:title\" content=\"Zahlung &amp; Versand - naosu.de \u2013 Medizinprodukte &amp; Hilfsmittel online kaufen | Schnell &amp; zuverl\u00e4ssig\" \/>\n<meta property=\"og:description\" content=\"Services Hier findest du alle Infos rund um den Versand, Zahlungsmittel und co. im \u00dcberblick. Bei Fragen schau gerne auf unseren\u00a0FAQs\u00a0vorbei oder melde dich bei uns. \ud83d\ude42 Versand Versandziel Versandkosten Deutschland \u00a0 \u2013 ab 20 \u20ac Warenwert kostenfrei \u2013 unter 20 \u20ac Warenwert 4,90 \u20ac Frankreich 12,70 \u20ac \u00dcbrige EU-L\u00e4nder (au\u00dfer Benelux, CH, AT, DK) &hellip;\" \/>\n<meta property=\"og:url\" content=\"https:\/\/www.naosu.de\/en\/payment-shipping\/\" \/>\n<meta property=\"og:site_name\" content=\"naosu.de \u2013 Medizinprodukte &amp; Hilfsmittel online kaufen | Schnell &amp; zuverl\u00e4ssig\" \/>\n<meta property=\"article:modified_time\" content=\"2025-07-23T13:06:33+00:00\" \/>\n<meta name=\"twitter:card\" content=\"summary_large_image\" \/>\n<meta name=\"twitter:label1\" content=\"Est. reading time\" \/>\n\t<meta name=\"twitter:data1\" content=\"1 minute\" \/>\n<script type=\"application\/ld+json\" class=\"yoast-schema-graph\">{\"@context\":\"https:\\\/\\\/schema.org\",\"@graph\":[{\"@type\":\"WebPage\",\"@id\":\"https:\\\/\\\/www.naosu.de\\\/zahlung-versand\\\/\",\"url\":\"https:\\\/\\\/www.naosu.de\\\/zahlung-versand\\\/\",\"name\":\"Zahlung & Versand - naosu.de \u2013 Medizinprodukte &amp; Hilfsmittel online kaufen | Schnell &amp; zuverl\u00e4ssig\",\"isPartOf\":{\"@id\":\"https:\\\/\\\/www.naosu.de\\\/#website\"},\"datePublished\":\"2025-05-16T16:51:12+00:00\",\"dateModified\":\"2025-07-23T13:06:33+00:00\",\"breadcrumb\":{\"@id\":\"https:\\\/\\\/www.naosu.de\\\/zahlung-versand\\\/#breadcrumb\"},\"inLanguage\":\"en-US\",\"potentialAction\":[{\"@type\":\"ReadAction\",\"target\":[\"https:\\\/\\\/www.naosu.de\\\/zahlung-versand\\\/\"]}]},{\"@type\":\"BreadcrumbList\",\"@id\":\"https:\\\/\\\/www.naosu.de\\\/zahlung-versand\\\/#breadcrumb\",\"itemListElement\":[{\"@type\":\"ListItem\",\"position\":1,\"name\":\"Startseite\",\"item\":\"https:\\\/\\\/www.naosu.de\\\/\"},{\"@type\":\"ListItem\",\"position\":2,\"name\":\"Zahlung &#038; Versand\"}]},{\"@type\":\"WebSite\",\"@id\":\"https:\\\/\\\/www.naosu.de\\\/#website\",\"url\":\"https:\\\/\\\/www.naosu.de\\\/\",\"name\":\"naosu.de \u2013 Medizinprodukte &amp; Hilfsmittel online kaufen | Schnell &amp; zuverl\u00e4ssig\",\"description\":\"\",\"potentialAction\":[{\"@type\":\"SearchAction\",\"target\":{\"@type\":\"EntryPoint\",\"urlTemplate\":\"https:\\\/\\\/www.naosu.de\\\/?s={search_term_string}\"},\"query-input\":{\"@type\":\"PropertyValueSpecification\",\"valueRequired\":true,\"valueName\":\"search_term_string\"}}],\"inLanguage\":\"en-US\"}]}<\/script>\n<!-- \/ Yoast SEO plugin. -->","yoast_head_json":{"title":"Payment &amp; Shipping - naosu.de - Buy medical products &amp; medical aids online | Fast &amp; reliable","robots":{"index":"index","follow":"follow","max-snippet":"max-snippet:-1","max-image-preview":"max-image-preview:large","max-video-preview":"max-video-preview:-1"},"canonical":"https:\/\/www.naosu.de\/en\/payment-shipping\/","og_locale":"en_US","og_type":"article","og_title":"Zahlung & Versand - naosu.de \u2013 Medizinprodukte &amp; Hilfsmittel online kaufen | Schnell &amp; zuverl\u00e4ssig","og_description":"Services Hier findest du alle Infos rund um den Versand, Zahlungsmittel und co. im \u00dcberblick. Bei Fragen schau gerne auf unseren\u00a0FAQs\u00a0vorbei oder melde dich bei uns. \ud83d\ude42 Versand Versandziel Versandkosten Deutschland \u00a0 \u2013 ab 20 \u20ac Warenwert kostenfrei \u2013 unter 20 \u20ac Warenwert 4,90 \u20ac Frankreich 12,70 \u20ac \u00dcbrige EU-L\u00e4nder (au\u00dfer Benelux, CH, AT, DK) &hellip;","og_url":"https:\/\/www.naosu.de\/en\/payment-shipping\/","og_site_name":"naosu.de \u2013 Medizinprodukte &amp; Hilfsmittel online kaufen | Schnell &amp; zuverl\u00e4ssig","article_modified_time":"2025-07-23T13:06:33+00:00","twitter_card":"summary_large_image","twitter_misc":{"Est. reading time":"1 minute"},"schema":{"@context":"https:\/\/schema.org","@graph":[{"@type":"WebPage","@id":"https:\/\/www.naosu.de\/zahlung-versand\/","url":"https:\/\/www.naosu.de\/zahlung-versand\/","name":"Payment &amp; Shipping - naosu.de - Buy medical products &amp; medical aids online | Fast &amp; reliable","isPartOf":{"@id":"https:\/\/www.naosu.de\/#website"},"datePublished":"2025-05-16T16:51:12+00:00","dateModified":"2025-07-23T13:06:33+00:00","breadcrumb":{"@id":"https:\/\/www.naosu.de\/zahlung-versand\/#breadcrumb"},"inLanguage":"en-US","potentialAction":[{"@type":"ReadAction","target":["https:\/\/www.naosu.de\/zahlung-versand\/"]}]},{"@type":"BreadcrumbList","@id":"https:\/\/www.naosu.de\/zahlung-versand\/#breadcrumb","itemListElement":[{"@type":"ListItem","position":1,"name":"Startseite","item":"https:\/\/www.naosu.de\/"},{"@type":"ListItem","position":2,"name":"Zahlung &#038; Versand"}]},{"@type":"WebSite","@id":"https:\/\/www.naosu.de\/#website","url":"https:\/\/www.naosu.de\/","name":"naosu.de - Buy medical products &amp; medical aids online | Fast &amp; reliable","description":"","potentialAction":[{"@type":"SearchAction","target":{"@type":"EntryPoint","urlTemplate":"https:\/\/www.naosu.de\/?s={search_term_string}"},"query-input":{"@type":"PropertyValueSpecification","valueRequired":true,"valueName":"search_term_string"}}],"inLanguage":"en-US"}]}},"_links":{"self":[{"href":"https:\/\/www.naosu.de\/en\/wp-json\/wp\/v2\/pages\/2848","targetHints":{"allow":["GET"]}}],"collection":[{"href":"https:\/\/www.naosu.de\/en\/wp-json\/wp\/v2\/pages"}],"about":[{"href":"https:\/\/www.naosu.de\/en\/wp-json\/wp\/v2\/types\/page"}],"author":[{"embeddable":true,"href":"https:\/\/www.naosu.de\/en\/wp-json\/wp\/v2\/users\/1"}],"replies":[{"embeddable":true,"href":"https:\/\/www.naosu.de\/en\/wp-json\/wp\/v2\/comments?post=2848"}],"version-history":[{"count":3,"href":"https:\/\/www.naosu.de\/en\/wp-json\/wp\/v2\/pages\/2848\/revisions"}],"predecessor-version":[{"id":3366,"href":"https:\/\/www.naosu.de\/en\/wp-json\/wp\/v2\/pages\/2848\/revisions\/3366"}],"wp:attachment":[{"href":"https:\/\/www.naosu.de\/en\/wp-json\/wp\/v2\/media?parent=2848"}],"curies":[{"name":"wp","href":"https:\/\/api.w.org\/{rel}","templated":true}]}}