{"id":2830,"date":"2025-05-16T18:48:30","date_gmt":"2025-05-16T16:48:30","guid":{"rendered":"https:\/\/naosu.cyteq.cloud\/?page_id=2830"},"modified":"2025-07-23T15:16:41","modified_gmt":"2025-07-23T13:16:41","slug":"imprint","status":"publish","type":"page","link":"https:\/\/www.naosu.de\/en\/imprint\/","title":{"rendered":"Imprint"},"content":{"rendered":"<div data-elementor-type=\"wp-page\" data-elementor-id=\"2830\" class=\"elementor elementor-2830\">\n\t\t\t\t<div class=\"elementor-element elementor-element-19deb3b e-flex e-con-boxed e-con e-parent\" data-id=\"19deb3b\" data-element_type=\"container\">\n\t\t\t\t\t<div class=\"e-con-inner\">\n\t\t\t\t<div class=\"elementor-element elementor-element-960f586 elementor-widget elementor-widget-text-editor\" data-id=\"960f586\" data-element_type=\"widget\" data-widget_type=\"text-editor.default\">\n\t\t\t\t\t\t\t\t\t<h2>Imprint<\/h2><hr \/><p><strong>TP-Ortho GmbH<\/strong><br \/>Bergstrasse 1B<br \/>53474 Bad Neuenahr<br \/>Germany<br \/><br \/>Phone: +49 2641 8970500<br \/>E-mail: info@tp-ortho.de<br \/><br \/>Register court: Local court Koblenz<br \/>Register number: HRB 28745<br \/><br \/>Managing Director: Thomas P\u00fctz<br \/><br \/>Value added tax identification number in accordance with \u00a7 27 a of the Value Added Tax Act: DE351626042<br \/><br \/>Platform of the EU Commission for online dispute resolution:\u00a0<a href=\"https:\/\/ec.europa.eu\/odr\">https:\/\/ec.europa.eu\/odr<\/a><br \/><br \/>We are neither obliged nor willing to participate in dispute resolution proceedings before a consumer arbitration board.<\/p>\t\t\t\t\t\t\t\t<\/div>\n\t\t\t\t\t<\/div>\n\t\t\t\t<\/div>\n\t\t\t\t<\/div>","protected":false},"excerpt":{"rendered":"<p>Imprint TP-Ortho GmbHBergstra\u00dfe 1B53474 Bad NeuenahrGermany Phone: +49 2641 8970500E-mail: info@tp-ortho.de Register court: Local court KoblenzRegister number: HRB 28745 Managing director: Thomas P\u00fctz Sales tax identification number according to \u00a7 27 a Umsatzsteuergesetz: DE351626042 Platform of the EU Commission for online dispute resolution: https:\/\/ec.europa.eu\/odr We are neither obliged nor willing to participate in a dispute resolution procedure before a consumer arbitration board.<\/p>","protected":false},"author":1,"featured_media":0,"parent":0,"menu_order":0,"comment_status":"closed","ping_status":"closed","template":"","meta":{"footnotes":""},"class_list":["post-2830","page","type-page","status-publish","hentry"],"yoast_head":"<!-- This site is optimized with the Yoast SEO plugin v27.4 - https:\/\/yoast.com\/product\/yoast-seo-wordpress\/ -->\n<title>Impressum - naosu.de \u2013 Medizinprodukte &amp; Hilfsmittel online kaufen | Schnell &amp; zuverl\u00e4ssig<\/title>\n<meta name=\"robots\" content=\"index, follow, max-snippet:-1, max-image-preview:large, max-video-preview:-1\" \/>\n<link rel=\"canonical\" href=\"https:\/\/www.naosu.de\/en\/imprint\/\" \/>\n<meta property=\"og:locale\" content=\"en_US\" \/>\n<meta property=\"og:type\" content=\"article\" \/>\n<meta property=\"og:title\" content=\"Impressum - naosu.de \u2013 Medizinprodukte &amp; Hilfsmittel online kaufen | Schnell &amp; zuverl\u00e4ssig\" \/>\n<meta property=\"og:description\" content=\"Impressum TP-Ortho GmbHBergstra\u00dfe 1B53474 Bad NeuenahrDeutschland Tel.: +49 2641 8970500E-Mail: info@tp-ortho.de Registergericht: Amtsgericht KoblenzRegisternummer: HRB 28745 Gesch\u00e4ftsf\u00fchrer: Thomas P\u00fctz Umsatzsteuer-Identifikationsnummer gem\u00e4\u00df \u00a7 27 a Umsatzsteuergesetz: DE351626042 Plattform der EU-Kommission zur Online-Streitbeilegung:\u00a0https:\/\/ec.europa.eu\/odr Wir sind zur Teilnahme an einem Streitbeilegungsverfahren vor einer Verbraucherschlichtungsstelle weder verpflichtet noch bereit.\" \/>\n<meta property=\"og:url\" content=\"https:\/\/www.naosu.de\/en\/imprint\/\" \/>\n<meta property=\"og:site_name\" content=\"naosu.de \u2013 Medizinprodukte &amp; Hilfsmittel online kaufen | Schnell &amp; zuverl\u00e4ssig\" \/>\n<meta property=\"article:modified_time\" content=\"2025-07-23T13:16:41+00:00\" \/>\n<meta name=\"twitter:card\" content=\"summary_large_image\" \/>\n<meta name=\"twitter:label1\" content=\"Est. reading time\" \/>\n\t<meta name=\"twitter:data1\" content=\"1 minute\" \/>\n<script type=\"application\/ld+json\" class=\"yoast-schema-graph\">{\"@context\":\"https:\\\/\\\/schema.org\",\"@graph\":[{\"@type\":\"WebPage\",\"@id\":\"https:\\\/\\\/www.naosu.de\\\/impressum\\\/\",\"url\":\"https:\\\/\\\/www.naosu.de\\\/impressum\\\/\",\"name\":\"Impressum - naosu.de \u2013 Medizinprodukte &amp; Hilfsmittel online kaufen | Schnell &amp; zuverl\u00e4ssig\",\"isPartOf\":{\"@id\":\"https:\\\/\\\/www.naosu.de\\\/#website\"},\"datePublished\":\"2025-05-16T16:48:30+00:00\",\"dateModified\":\"2025-07-23T13:16:41+00:00\",\"breadcrumb\":{\"@id\":\"https:\\\/\\\/www.naosu.de\\\/impressum\\\/#breadcrumb\"},\"inLanguage\":\"en-US\",\"potentialAction\":[{\"@type\":\"ReadAction\",\"target\":[\"https:\\\/\\\/www.naosu.de\\\/impressum\\\/\"]}]},{\"@type\":\"BreadcrumbList\",\"@id\":\"https:\\\/\\\/www.naosu.de\\\/impressum\\\/#breadcrumb\",\"itemListElement\":[{\"@type\":\"ListItem\",\"position\":1,\"name\":\"Startseite\",\"item\":\"https:\\\/\\\/www.naosu.de\\\/\"},{\"@type\":\"ListItem\",\"position\":2,\"name\":\"Impressum\"}]},{\"@type\":\"WebSite\",\"@id\":\"https:\\\/\\\/www.naosu.de\\\/#website\",\"url\":\"https:\\\/\\\/www.naosu.de\\\/\",\"name\":\"naosu.de \u2013 Medizinprodukte &amp; Hilfsmittel online kaufen | Schnell &amp; zuverl\u00e4ssig\",\"description\":\"\",\"potentialAction\":[{\"@type\":\"SearchAction\",\"target\":{\"@type\":\"EntryPoint\",\"urlTemplate\":\"https:\\\/\\\/www.naosu.de\\\/?s={search_term_string}\"},\"query-input\":{\"@type\":\"PropertyValueSpecification\",\"valueRequired\":true,\"valueName\":\"search_term_string\"}}],\"inLanguage\":\"en-US\"}]}<\/script>\n<!-- \/ Yoast SEO plugin. -->","yoast_head_json":{"title":"Imprint - naosu.de - Buy medical products &amp; medical aids online | Fast &amp; reliable","robots":{"index":"index","follow":"follow","max-snippet":"max-snippet:-1","max-image-preview":"max-image-preview:large","max-video-preview":"max-video-preview:-1"},"canonical":"https:\/\/www.naosu.de\/en\/imprint\/","og_locale":"en_US","og_type":"article","og_title":"Impressum - naosu.de \u2013 Medizinprodukte &amp; Hilfsmittel online kaufen | Schnell &amp; zuverl\u00e4ssig","og_description":"Impressum TP-Ortho GmbHBergstra\u00dfe 1B53474 Bad NeuenahrDeutschland Tel.: +49 2641 8970500E-Mail: info@tp-ortho.de Registergericht: Amtsgericht KoblenzRegisternummer: HRB 28745 Gesch\u00e4ftsf\u00fchrer: Thomas P\u00fctz Umsatzsteuer-Identifikationsnummer gem\u00e4\u00df \u00a7 27 a Umsatzsteuergesetz: DE351626042 Plattform der EU-Kommission zur Online-Streitbeilegung:\u00a0https:\/\/ec.europa.eu\/odr Wir sind zur Teilnahme an einem Streitbeilegungsverfahren vor einer Verbraucherschlichtungsstelle weder verpflichtet noch bereit.","og_url":"https:\/\/www.naosu.de\/en\/imprint\/","og_site_name":"naosu.de \u2013 Medizinprodukte &amp; Hilfsmittel online kaufen | Schnell &amp; zuverl\u00e4ssig","article_modified_time":"2025-07-23T13:16:41+00:00","twitter_card":"summary_large_image","twitter_misc":{"Est. reading time":"1 minute"},"schema":{"@context":"https:\/\/schema.org","@graph":[{"@type":"WebPage","@id":"https:\/\/www.naosu.de\/impressum\/","url":"https:\/\/www.naosu.de\/impressum\/","name":"Imprint - naosu.de - Buy medical products &amp; medical aids online | Fast &amp; reliable","isPartOf":{"@id":"https:\/\/www.naosu.de\/#website"},"datePublished":"2025-05-16T16:48:30+00:00","dateModified":"2025-07-23T13:16:41+00:00","breadcrumb":{"@id":"https:\/\/www.naosu.de\/impressum\/#breadcrumb"},"inLanguage":"en-US","potentialAction":[{"@type":"ReadAction","target":["https:\/\/www.naosu.de\/impressum\/"]}]},{"@type":"BreadcrumbList","@id":"https:\/\/www.naosu.de\/impressum\/#breadcrumb","itemListElement":[{"@type":"ListItem","position":1,"name":"Startseite","item":"https:\/\/www.naosu.de\/"},{"@type":"ListItem","position":2,"name":"Impressum"}]},{"@type":"WebSite","@id":"https:\/\/www.naosu.de\/#website","url":"https:\/\/www.naosu.de\/","name":"naosu.de - Buy medical products &amp; medical aids online | Fast &amp; reliable","description":"","potentialAction":[{"@type":"SearchAction","target":{"@type":"EntryPoint","urlTemplate":"https:\/\/www.naosu.de\/?s={search_term_string}"},"query-input":{"@type":"PropertyValueSpecification","valueRequired":true,"valueName":"search_term_string"}}],"inLanguage":"en-US"}]}},"_links":{"self":[{"href":"https:\/\/www.naosu.de\/en\/wp-json\/wp\/v2\/pages\/2830","targetHints":{"allow":["GET"]}}],"collection":[{"href":"https:\/\/www.naosu.de\/en\/wp-json\/wp\/v2\/pages"}],"about":[{"href":"https:\/\/www.naosu.de\/en\/wp-json\/wp\/v2\/types\/page"}],"author":[{"embeddable":true,"href":"https:\/\/www.naosu.de\/en\/wp-json\/wp\/v2\/users\/1"}],"replies":[{"embeddable":true,"href":"https:\/\/www.naosu.de\/en\/wp-json\/wp\/v2\/comments?post=2830"}],"version-history":[{"count":1,"href":"https:\/\/www.naosu.de\/en\/wp-json\/wp\/v2\/pages\/2830\/revisions"}],"predecessor-version":[{"id":3367,"href":"https:\/\/www.naosu.de\/en\/wp-json\/wp\/v2\/pages\/2830\/revisions\/3367"}],"wp:attachment":[{"href":"https:\/\/www.naosu.de\/en\/wp-json\/wp\/v2\/media?parent=2830"}],"curies":[{"name":"wp","href":"https:\/\/api.w.org\/{rel}","templated":true}]}}